{"id":3074,"date":"2019-04-17T11:29:10","date_gmt":"2019-04-17T09:29:10","guid":{"rendered":"https:\/\/tram-botiga-pro.azurewebsites.net\/?page_id=3074"},"modified":"2020-06-29T15:04:06","modified_gmt":"2020-06-29T13:04:06","slug":"privacy-policy-and-cookies","status":"publish","type":"page","link":"https:\/\/botiga.tram.cat\/en\/privacy-policy-and-cookies\/","title":{"rendered":"Privacy Policy"},"content":{"rendered":"\n<p>This data privacy policy governs the\nuse of data by TRAM (TRAMVIA METROPOLIT\u00c0 SA and TRAMVIA METROPOLIT\u00c0 DEL BES\u00d2S\nSA)<\/p>\n\n\n\n<p><strong>Data controller<\/strong><\/p>\n\n\n\n<p>The following will act as Data\nControllers:<\/p>\n\n\n\n<p>TRAMVIA METROPOLIT\u00c0 SA with Tax ID\nNo. A62415641, and postal address at Calle C\u00f3rcega, 270, planta 4\u00aa puerta 6\u00aa\n08008 Barcelona, and email address <a href=\"mailto:dpo@tram.cat\">dpo@tram.cat<\/a><\/p>\n\n\n\n<p>TRAMVIA METROPOLIT\u00c0 DEL BES\u00d2S SA with Tax ID No. A63061626, and postal address at Calle C\u00f3rcega, 270, planta 4\u00aa puerta 6\u00aa\n08008 Barcelona, and email <a href=\"mailto:addressdpo@tram.cat\">addressdpo@tram.cat<\/a><\/p>\n\n\n\n<p><strong>CREATING AN ACCOUNT<\/strong><\/p>\n\n\n\n<p><strong>Purpose<\/strong><\/p>\n\n\n\n<p>To use the data provided by users to\nmanage sales via the virtual store, make a record of purchases available to\nusers and send products to the address provided. Statistics will also be\ngenerated regarding use of the website.<\/p>\n\n\n\n<p>The website uses data gathered by\nmeans of cookies to carry out statistical analysis of the use of the site. For\nmore information about the use of cookies, please see our Cookies Policy in the\nfootnote to www.tram.cat.<\/p>\n\n\n\n<p><strong>Data storage<\/strong><\/p>\n\n\n\n<p>Data will be stored while the user\nis active, as long as necessary to meet any legal requirements regarding tax\nmatters and as long as any legal responsibility related to them may arise. <\/p>\n\n\n\n<p><strong>Recipients of your data<\/strong><\/p>\n\n\n\n<p>TRAMBAIX UTE will be the Data\nProcessor. Your data will also be processed by companies managing the store,\nproviding administrative services or transport services.<\/p>\n\n\n\n<p>Users can share the content of the\nwebsite on social networks and through the channels that appear when the\nrelevant buttons are pressed. The use of these buttons implies that the user\nwill be accessing social networks that have their own data protection policies,\nover which TRAM has no control, and the user must therefore check said\npolicies.<\/p>\n\n\n\n<p>We also inform you that we use\nancillary services which, in some cases, are provided by companies whose head\noffices are in countries outside the European Union and that adhere to\nprinciples of the Privacy Shield decision as specified in Article 45 of the\nGDPR.<\/p>\n\n\n\n<p><strong>Legal basis<\/strong><\/p>\n\n\n\n<p>Data relative to sales will be\ntreated as required by the execution of the contract (Art. 6.1 GDPR). The\nregistration form indicates which data are compulsory for the purposes\ndescribed, it being impossible to proceed with the sale if they are not\nprovided.<\/p>\n\n\n\n<p>Data relative to the statistical\nanalysis of the use of the website are processed in so far as they correspond\nto a legitimate interest in measuring the use of the website in order to\nimprove the products it offers (Art. 6.1.f GDPR). <\/p>\n\n\n\n<p><strong>PAYMENT WITHOUT CREATING AN\nACCOUNT<\/strong><\/p>\n\n\n\n<p><strong>Purpose<\/strong><\/p>\n\n\n\n<p>To process the data provided by the\nuser to manage sales via the virtual store and send products to the address indicated,\ntogether with commercial information regarding products, services and sales\ncampaigns related to the tram service. Statistics will also be generated\nregarding use of the website.<\/p>\n\n\n\n<p><strong>Data storage<\/strong><\/p>\n\n\n\n<p>Data will be stored as long as\nnecessary to meet any legal requirements regarding tax matters and as long as\nany legal responsibility related to them may arise.<\/p>\n\n\n\n<p><strong>Recipients of your data<\/strong><\/p>\n\n\n\n<p>TRAMBAIX UTE will be the Data\nProcessor. Your data will also be processed by companies managing the store,\nproviding administrative services or transport services.<\/p>\n\n\n\n<p>To process payment for products\npurchased in the store, customers must use the payment gateway provided by\narrangement between TRAMBAIX UTE and the relevant bank.<\/p>\n\n\n\n<p>Users can share the content of the\nwebsite on social networks and through the channels that appear when the\nrelevant buttons are pressed. The use of these buttons implies that the user\nwill be accessing social networks that have their own data protection policies,\nover which TRAM has no control, and the user must therefore check said\npolicies.<\/p>\n\n\n\n<p>We also inform you that we use\nancillary services which, in some cases, are provided by companies whose head\noffices are in countries outside the European Union and that adhere to\nprinciples of the Privacy Shield decision as specified in Article 45 of the GDPR.\n<\/p>\n\n\n\n<p>The website uses data gathered by\nmeans of cookies to carry out statistical analysis of the use of the site. For\nmore information about the use of cookies, please see our Cookies Policy in the\nfootnote to www.tram.cat.<\/p>\n\n\n\n<p><strong>Legal basis<\/strong><\/p>\n\n\n\n<p>Data relative to sales will be\ntreated as required by the execution of the contract (Art. 6.1 GDPR).The\nregistration form indicates which data are compulsory for the purposes\ndescribed, it being impossible to proceed with the sale if they are not\nprovided.<\/p>\n\n\n\n<p>Data relative to the statistical\nanalysis of the use of the website are processed in so far as they correspond\nto TRAM\u2019s legitimate interest in measuring the use of the website in order to\nimprove the products it offers (Art. 6.1.f GDPR). <\/p>\n\n\n\n<p><strong>Rights<\/strong><\/p>\n\n\n\n<p>Anyone has the right to obtain\nconfirmation as to whether or not their data is being processed. You may\nexercise your rights of access, rectification, erasure and data portability,\nrestriction and right to object, and not to be the subject of decisions based\nexclusively on the automated processing of your data, by writing to Tramvia\nMetropolit\u00e0 S.A. and Tramvia Metropolit\u00e0 del Bes\u00f2s, S.A. at their postal\naddress or the email address dpo@tram.cat \n\nComplaints may be submitted to the relevant\nauthority, and if you wish to obtain further information regarding your data\nprotection rights, you can contact the Catalan Data Protection Agency\n(http:\/\/apdcat.gencat.cat)\n\n\n\n<\/p>\n","protected":false},"excerpt":{"rendered":"<p>This data privacy policy governs the use of data by TRAM (TRAMVIA METROPOLIT\u00c0 SA and TRAMVIA METROPOLIT\u00c0 DEL BES\u00d2S SA) Data controller The following will act as Data Controllers: TRAMVIA METROPOLIT\u00c0 SA with Tax ID No. A62415641, and postal address<\/p>\n","protected":false},"author":1,"featured_media":0,"parent":0,"menu_order":0,"comment_status":"closed","ping_status":"closed","template":"","meta":{"rs_blank_template":"","rs_page_bg_color":"","slide_template_v7":"","footnotes":""},"class_list":["post-3074","page","type-page","status-publish","hentry"],"_links":{"self":[{"href":"https:\/\/botiga.tram.cat\/en\/wp-json\/wp\/v2\/pages\/3074","targetHints":{"allow":["GET"]}}],"collection":[{"href":"https:\/\/botiga.tram.cat\/en\/wp-json\/wp\/v2\/pages"}],"about":[{"href":"https:\/\/botiga.tram.cat\/en\/wp-json\/wp\/v2\/types\/page"}],"author":[{"embeddable":true,"href":"https:\/\/botiga.tram.cat\/en\/wp-json\/wp\/v2\/users\/1"}],"replies":[{"embeddable":true,"href":"https:\/\/botiga.tram.cat\/en\/wp-json\/wp\/v2\/comments?post=3074"}],"version-history":[{"count":1,"href":"https:\/\/botiga.tram.cat\/en\/wp-json\/wp\/v2\/pages\/3074\/revisions"}],"predecessor-version":[{"id":3786,"href":"https:\/\/botiga.tram.cat\/en\/wp-json\/wp\/v2\/pages\/3074\/revisions\/3786"}],"wp:attachment":[{"href":"https:\/\/botiga.tram.cat\/en\/wp-json\/wp\/v2\/media?parent=3074"}],"curies":[{"name":"wp","href":"https:\/\/api.w.org\/{rel}","templated":true}]}}