{"id":3066,"date":"2019-04-17T11:18:05","date_gmt":"2019-04-17T09:18:05","guid":{"rendered":"https:\/\/tram-botiga-pro.azurewebsites.net\/?page_id=3066"},"modified":"2019-05-15T13:22:48","modified_gmt":"2019-05-15T11:22:48","slug":"atencion-al-cliente","status":"publish","type":"page","link":"https:\/\/botiga.tram.cat\/es\/atencion-al-cliente\/","title":{"rendered":"Atenci\u00f3n al Cliente"},"content":{"rendered":"<div class=\"wpb-content-wrapper\">[vc_row][vc_column el_class=&#8221;contact-form&#8221; css=&#8221;.vc_custom_1557826336341{padding-right: 150px !important;padding-left: 150px !important;}&#8221; offset=&#8221;vc_col-lg-8 vc_col-md-8&#8243;][vc_column_text]\r\n<h1>Atenci\u00f3n al cliente<\/h1>\r\n<h4>Si tienes alguna duda, reclamaci\u00f3n o consulta puedes ponerte en contacto con nosotros! Nuestro equipo contactar\u00e1 contigo lo antes posible.<\/h4>\r\n<!-- \/wp:post-content -->\r\n<p><!-- wp:paragraph -->Escr\u00edbenos un correo con tu consulta a\u00a0<a href=\"mailto:shop@tram.cat\"><strong>shop@tram.cat<\/strong><\/a><\/p>\r\n[\/vc_column_text][contact-form-7 id=&#8221;3341&#8243;][\/vc_column][\/vc_row][vc_row][vc_column][\/vc_column][\/vc_row]<\/div>","protected":false},"excerpt":{"rendered":"<p>[vc_row][vc_column el_class=&#8221;contact-form&#8221; css=&#8221;.vc_custom_1557826336341{padding-right: 150px !important;padding-left: 150px !important;}&#8221; offset=&#8221;vc_col-lg-8 vc_col-md-8&#8243;][vc_column_text] Atenci\u00f3n al cliente Si tienes alguna duda, reclamaci\u00f3n o consulta puedes ponerte en contacto con nosotros! Nuestro equipo contactar\u00e1 contigo lo antes posible. Escr\u00edbenos un correo con tu consulta a\u00a0shop@tram.cat [\/vc_column_text][contact-form-7<\/p>\n","protected":false},"author":1,"featured_media":0,"parent":0,"menu_order":0,"comment_status":"closed","ping_status":"closed","template":"page-templates\/contact-page.php","meta":{"rs_blank_template":"","rs_page_bg_color":"","slide_template_v7":"","footnotes":""},"class_list":["post-3066","page","type-page","status-publish","hentry"],"_links":{"self":[{"href":"https:\/\/botiga.tram.cat\/es\/wp-json\/wp\/v2\/pages\/3066","targetHints":{"allow":["GET"]}}],"collection":[{"href":"https:\/\/botiga.tram.cat\/es\/wp-json\/wp\/v2\/pages"}],"about":[{"href":"https:\/\/botiga.tram.cat\/es\/wp-json\/wp\/v2\/types\/page"}],"author":[{"embeddable":true,"href":"https:\/\/botiga.tram.cat\/es\/wp-json\/wp\/v2\/users\/1"}],"replies":[{"embeddable":true,"href":"https:\/\/botiga.tram.cat\/es\/wp-json\/wp\/v2\/comments?post=3066"}],"version-history":[{"count":0,"href":"https:\/\/botiga.tram.cat\/es\/wp-json\/wp\/v2\/pages\/3066\/revisions"}],"wp:attachment":[{"href":"https:\/\/botiga.tram.cat\/es\/wp-json\/wp\/v2\/media?parent=3066"}],"curies":[{"name":"wp","href":"https:\/\/api.w.org\/{rel}","templated":true}]}}