{"id":3076,"date":"2019-04-17T11:30:57","date_gmt":"2019-04-17T09:30:57","guid":{"rendered":"https:\/\/tram-botiga-pro.azurewebsites.net\/?page_id=3076"},"modified":"2020-06-29T15:02:49","modified_gmt":"2020-06-29T13:02:49","slug":"politica-de-privacidad-y-cookies","status":"publish","type":"page","link":"https:\/\/botiga.tram.cat\/es\/politica-de-privacidad-y-cookies\/","title":{"rendered":"Pol\u00edtica de privacidad"},"content":{"rendered":"\n<p>La presente pol\u00edtica de privacidad de datos regula el tratamiento de datos\nque realiza TRAM (TRAMVIA METROPOLIT\u00c0 SA y TRAMVIA METROPOLIT\u00c0 DEL BES\u00d2S SA)<\/p>\n\n\n\n<p><strong>Responsable del tratamiento<\/strong><\/p>\n\n\n\n<p>Los responsables de los datos personales recogidos son:<\/p>\n\n\n\n<p>TRAMVIA METROPOLIT\u00c0 SA con NIF A62415641, con direcci\u00f3n postal en la calle\nC\u00f3rcega, 270, planta 4\u00aa puerta 6\u00aa 08008 Barcelona, y con direcci\u00f3n electr\u00f3nica <a href=\"mailto:dpo@tram.cat\">dpo@tram.cat<\/a><\/p>\n\n\n\n<p>TRAMVIA METROPOLIT\u00c0 DEL BES\u00d2S SA con NIF A63061626, con direcci\u00f3n postal\nen la calle C\u00f3rcega, 270, planta 4\u00aa puerta 6\u00aa 08008 Barcelona, y con direcci\u00f3n\nelectr\u00f3nica <a href=\"mailto:dpo@tram.cat\">dpo@tram.cat<\/a><\/p>\n\n\n\n<p><strong>CREAR UNA CUENTA<\/strong><\/p>\n\n\n\n<p><strong>Finalidad<\/strong><\/p>\n\n\n\n<p>Tratar los datos que proporcione el usuario\/a para la gesti\u00f3n de las\nventas a trav\u00e9s de la tienda virtual, facilitarle al usuario\/a el hist\u00f3rico de\nventas y enviarle los productos a la direcci\u00f3n que indique. Asimismo, se\nrealizar\u00e1n estad\u00edsticas sobre el uso del sitio web.<\/p>\n\n\n\n<p>Adem\u00e1s, en el sitio web, se utilizan datos que se recogen mediante la\nutilizaci\u00f3n de cookies para poder realizar an\u00e1lisis estad\u00edsticos del uso de\neste sitio web. Para m\u00e1s informaci\u00f3n sobre el uso de cookies puede consultar\nnuestra Pol\u00edtica de Cookies en el pie de p\u00e1gina de&nbsp; www.tram.cat<\/p>\n\n\n\n<p><strong>Tiempo de conservaci\u00f3n<\/strong>&nbsp;&nbsp;&nbsp;&nbsp; <\/p>\n\n\n\n<p>Los datos se conservar\u00e1n mientras el usuario\/a sea un usuario\/a activo,\nsea necesario para cumplir con las obligaciones legales en materia fiscal y\nmientras se deriven responsabilidades. <\/p>\n\n\n\n<p><strong>Destinatarios del tratamiento de sus datos<\/strong>&nbsp;&nbsp;&nbsp;&nbsp;&nbsp;&nbsp;&nbsp;&nbsp;&nbsp; <\/p>\n\n\n\n<p>Los datos ser\u00e1n tratados por TRAMBAIX UTE como Encargada del Tratamiento,\nadem\u00e1s sus datos personales podr\u00e1n ser tratados por empresas que realizan la\ngesti\u00f3n de la tienda, que prestan servicios de administraci\u00f3n o de transporte.<\/p>\n\n\n\n<p>Los usuario\/as podr\u00e1n compartir el contenido del sitio web en las redes\nsociales y a trav\u00e9s de las v\u00edas que aparecen al pulsar los botones que aparecen\ncon esa finalidad. El uso de estos botones implicar\u00e1 que el usuario\/a deba\nacceder a redes sociales que cuentan con sus propias pol\u00edticas de protecci\u00f3n de\ndatos y sobre las que TRAM no tiene control, por lo que el usuario\/a deber\u00e1\nconsultar estas pol\u00edticas.<\/p>\n\n\n\n<p>Asimismo, le informamos que utilizamos servicios auxiliares que, en\ndeterminados casos, son prestados por empresas cuya sede principal se ubica en\npa\u00edses fuera de la Uni\u00f3n Europea y adheridas a los principios de la decisi\u00f3n\nPrivacy Shiel de conformidad con el art. 45 RGPD.<\/p>\n\n\n\n<p><strong>Legitimaci\u00f3n<\/strong><\/p>\n\n\n\n<p>Los datos relativos a la venta ser\u00e1n tratados en virtud de la ejecuci\u00f3n de\ncontrato (art. 6.1.b RGPD). En el formulario de registro se indica aquellos\ndatos que son obligatorios para llevar a cabo las finalidades descritas, por lo\nque si no se proporcionan podr\u00eda no procederse la venta.<\/p>\n\n\n\n<p>Los datos relativos al an\u00e1lisis estad\u00edstico del uso del sitio web se\ntratan en virtud del inter\u00e9s leg\u00edtimo para poder realizar mediciones del uso\ndel sitio web para mejorar su oferta de productos (art. 6.1.f RGPD). <\/p>\n\n\n\n<p><strong>PAGO DE LA COMPRA SIN CREAR UNA CUENTA<\/strong><\/p>\n\n\n\n<p><strong>Finalidad<\/strong><\/p>\n\n\n\n<p>Tratar los datos que proporcione el usuario\/a para la gesti\u00f3n de las\nventas a trav\u00e9s de la tienda virtual y enviarle los productos a la direcci\u00f3n\nque indique, as\u00ed como informaci\u00f3n comercial relacionada con los productos,\nservicios y campa\u00f1as relacionadas con el servicio de transporte del tranv\u00eda. Asimismo,\nse realizar\u00e1n estad\u00edsticas sobre el uso del sitio web.<\/p>\n\n\n\n<p><strong>Tiempo de conservaci\u00f3n<\/strong><\/p>\n\n\n\n<p>Los datos se conservar\u00e1n para cumplir con las obligaciones legales en\nmateria fiscal y mientras se deriven responsabilidades. <\/p>\n\n\n\n<p><strong>Destinatarios del tratamiento de sus datos<\/strong><\/p>\n\n\n\n<p>Los datos ser\u00e1n tratados por TRAMBAIX UTE como Encargada del Tratamiento,\nadem\u00e1s sus datos personales podr\u00e1n ser tratados por empresas que realizan la\ngesti\u00f3n de la tienda, que prestan servicios de administraci\u00f3n o de transporte.<\/p>\n\n\n\n<p>Asimismo, para poder procesar el pago de los productos adquiridos en la\ntienda, el usuario\/a deber\u00e1 utilizar la pasarela de pago de la entidad bancaria\ncontratada por TRAMBAIX UTE.<\/p>\n\n\n\n<p>Los usuario\/as podr\u00e1n compartir el contenido del sitio web en las redes\nsociales y a trav\u00e9s de las v\u00edas que aparecen al pulsar los botones que aparecen\ncon esa finalidad. El uso de estos botones implicar\u00e1 que el usuario\/a deba\nacceder a redes sociales que cuentan con sus propias pol\u00edticas de protecci\u00f3n de\ndatos y sobre las que TRAM no tiene control, por lo que el usuario\/a deber\u00e1\nconsultar estas pol\u00edticas.<\/p>\n\n\n\n<p>Asimismo, le informamos que utilizamos servicios auxiliares que, en\ndeterminados casos, son prestados por empresas cuya sede principal se ubica en\npa\u00edses fuera de la Uni\u00f3n Europea y adheridas a los principios de la decisi\u00f3n\nPrivacy Shiel de conformidad con el art. 45 RGPD <\/p>\n\n\n\n<p>Adem\u00e1s, en el sitio web, se utilizan datos que se recogen mediante la\nutilizaci\u00f3n de cookies para poder realizar an\u00e1lisis estad\u00edsticos del uso de\neste sitio web. Para m\u00e1s informaci\u00f3n sobre el uso de cookies puede consultar\nnuestra Pol\u00edtica de Cookies en el pie de p\u00e1gina de&nbsp; www.tram.cat<\/p>\n\n\n\n<p><strong>Legitimaci\u00f3n<\/strong> <\/p>\n\n\n\n<p>Los datos relativos a la venta ser\u00e1n tratados en virtud de la ejecuci\u00f3n de\ncontrato (art. 6.1.b RGPD).Enel formulario de registro se indica aquellos datos\nque son obligatorios para llevar a cabo las finalidades descritas, por lo que\nsi no se proporcionan podr\u00eda no procederse con la venta.<\/p>\n\n\n\n<p>Los datos relativos al an\u00e1lisis estad\u00edstico del uso del sitio web se\ntratan en virtud del inter\u00e9s leg\u00edtimo de TRAM en poder realizar mediciones del\nuso del sitio web para mejorar su oferta de productos (art. 6.1.f RGPD). <\/p>\n\n\n\n<p><strong>Derechos<\/strong><\/p>\n\n\n\n<p>Cualquier persona tiene derecho a obtener confirmaci\u00f3n sobre los\ntratamientos de sus datos. Puede ejercer sus derechos de acceso, rectificaci\u00f3n,\nsupresi\u00f3n y portabilidad de sus datos, de limitaci\u00f3n y oposici\u00f3n a su\ntratamiento, as\u00ed como a no ser objeto de decisiones basadas \u00fanicamente en el\ntratamiento automatizado de sus datos, cuando procedan ante Tramvia Metropolit\u00e0\nS.A y Tramvia Metropolit\u00e0 del Bes\u00f2s, S.A en la direcci\u00f3n postal o la direcci\u00f3n\nde correo electr\u00f3nico dpo@tram.cat <\/p>\n\n\n\n<p>Tiene derecho a presentar una reclamaci\u00f3n ante la autoridad de control\ncompetente o si desea obtener m\u00e1s informaci\u00f3n sobre su derecho a la protecci\u00f3n\nde datos puede dirigirse a la Autoritat Catalana de Protecci\u00f3 de Dades\n(http:\/\/apdcat.gencat.cat)<\/p>\n","protected":false},"excerpt":{"rendered":"<p>La presente pol\u00edtica de privacidad de datos regula el tratamiento de datos que realiza TRAM (TRAMVIA METROPOLIT\u00c0 SA y TRAMVIA METROPOLIT\u00c0 DEL BES\u00d2S SA) Responsable del tratamiento Los responsables de los datos personales recogidos son: TRAMVIA METROPOLIT\u00c0 SA con NIF<\/p>\n","protected":false},"author":1,"featured_media":0,"parent":0,"menu_order":0,"comment_status":"closed","ping_status":"closed","template":"","meta":{"rs_blank_template":"","rs_page_bg_color":"","slide_template_v7":"","footnotes":""},"class_list":["post-3076","page","type-page","status-publish","hentry"],"_links":{"self":[{"href":"https:\/\/botiga.tram.cat\/es\/wp-json\/wp\/v2\/pages\/3076","targetHints":{"allow":["GET"]}}],"collection":[{"href":"https:\/\/botiga.tram.cat\/es\/wp-json\/wp\/v2\/pages"}],"about":[{"href":"https:\/\/botiga.tram.cat\/es\/wp-json\/wp\/v2\/types\/page"}],"author":[{"embeddable":true,"href":"https:\/\/botiga.tram.cat\/es\/wp-json\/wp\/v2\/users\/1"}],"replies":[{"embeddable":true,"href":"https:\/\/botiga.tram.cat\/es\/wp-json\/wp\/v2\/comments?post=3076"}],"version-history":[{"count":1,"href":"https:\/\/botiga.tram.cat\/es\/wp-json\/wp\/v2\/pages\/3076\/revisions"}],"predecessor-version":[{"id":3785,"href":"https:\/\/botiga.tram.cat\/es\/wp-json\/wp\/v2\/pages\/3076\/revisions\/3785"}],"wp:attachment":[{"href":"https:\/\/botiga.tram.cat\/es\/wp-json\/wp\/v2\/media?parent=3076"}],"curies":[{"name":"wp","href":"https:\/\/api.w.org\/{rel}","templated":true}]}}