{"id":3080,"date":"2019-04-17T11:36:35","date_gmt":"2019-04-17T09:36:35","guid":{"rendered":"https:\/\/tram-botiga-pro.azurewebsites.net\/?page_id=3080"},"modified":"2024-02-09T13:54:04","modified_gmt":"2024-02-09T11:54:04","slug":"sobre-la-botiga-del-tram-cast","status":"publish","type":"page","link":"https:\/\/botiga.tram.cat\/es\/sobre-la-botiga-del-tram-cast\/","title":{"rendered":"Nuestra filosof\u00eda"},"content":{"rendered":"<div class=\"wpb-content-wrapper\">[vc_row el_class=&#8221;about-introduce&#8221;][vc_column][vc_single_image image=&#8221;1444&#8243; img_size=&#8221;full&#8221; alignment=&#8221;center&#8221;][vc_single_image image=&#8221;1431&#8243; img_size=&#8221;full&#8221; alignment=&#8221;center&#8221;][vc_column_text]\n<p style=\"text-align: left;\">Bienvenidos a La Botiga del TRAM, la tienda online de TRAM, donde encontrar\u00e1s originales y variados productos que promueven los mismos valores a\u00f1adidos que TRAM ofrece a sus viajeros y viajeras diariamente: comodidad, funcionalidad y, sobre todo, el cuidado y preservaci\u00f3n del medio ambiente.<\/p>\n<p style=\"text-align: left;\">Esta iniciativa nace con la intenci\u00f3n de ofrecer productos relacionados con TRAM para aquellas personas que valoran los beneficios que este medio de transporte supone para ellas y para su entorno y que, por eso, quieren que TRAM forme parte de sus hogares y de su d\u00eda a d\u00eda.<\/p>\n<p style=\"text-align: left;\"><strong>Si a\u00fan no conoces TRAM&#8230;<\/strong><\/p>\n<p style=\"text-align: left;\">TRAM se encarga de la gesti\u00f3n del sistema tranviario Trambaix y Trambes\u00f2s de la Regi\u00f3n Metropolitana de Barcelona con el objetivo de que las personas puedan disfrutar de un servicio de movilidad eficiente y respetuoso con la sociedad y el medio ambiente. Ofrecemos un transporte de calidad en los casi 31 millones de viajes que se hacen en un a\u00f1o en las dos redes y que dan servicio a 9 municipios de la Regi\u00f3n Metropolitana de Barcelona.<\/p>\n<p style=\"text-align: left;\">TRAM entr\u00f3 en servicio en abril del 2004 y se ha consolidado como un importante medio de transporte dentro de la Regi\u00f3n Metropolitana de Barcelona, mejorando la movilidad de los usuarios del transporte p\u00fablico. Con dos redes -Trambaix y Trambes\u00f2s- y casi 30 kil\u00f3metros en servicio, el tranv\u00eda ha mejorado la conexi\u00f3n de las ciudades por las que circula y ya ha realizado m\u00e1s de 450 millones de viajes durante todos estos a\u00f1os.<\/p>\n<p style=\"text-align: left;\">Es el transporte p\u00fablico mejor valorado por las personas usuarias seg\u00fan la encuesta que realiza la ATM anualmente (EMEF, Encuesta de Movilidad En d\u00eda Laborable). Adem\u00e1s, seg\u00fan la encuesta de satisfacci\u00f3n de la compa\u00f1\u00eda, el \u00cdndice de Calidad Percibida (ICP) por parte de las personas usuarias supera la puntuaci\u00f3n de 8 sobre 10 en las dos redes en que opera.<\/p>\n<p style=\"text-align: left;\">\u00a0Si quieres saber m\u00e1s, visita la p\u00e1gina web de <a href=\"http:\/\/www.tram.cat\/es\/\">TRAM <\/a><\/p>\n<h3>\u00a1Gracias a todos por tu visita! \u00a1Te deseamos una feliz compra!<\/h3>\n<p>El equipo de La Botiga del TRAM<\/p>\n[\/vc_column_text][\/vc_column][\/vc_row]\n<\/div>","protected":false},"excerpt":{"rendered":"<p>[vc_row el_class=&#8221;about-introduce&#8221;][vc_column][vc_single_image image=&#8221;1444&#8243; img_size=&#8221;full&#8221; alignment=&#8221;center&#8221;][vc_single_image image=&#8221;1431&#8243; img_size=&#8221;full&#8221; alignment=&#8221;center&#8221;][vc_column_text] Bienvenidos a La Botiga del TRAM, la tienda online de TRAM, donde encontrar\u00e1s originales y variados productos que promueven los mismos valores a\u00f1adidos que TRAM ofrece a sus viajeros y viajeras diariamente:<\/p>\n","protected":false},"author":1,"featured_media":0,"parent":0,"menu_order":0,"comment_status":"closed","ping_status":"closed","template":"page-templates\/about-page.php","meta":{"rs_blank_template":"","rs_page_bg_color":"","slide_template_v7":"","footnotes":""},"class_list":["post-3080","page","type-page","status-publish","hentry"],"_links":{"self":[{"href":"https:\/\/botiga.tram.cat\/es\/wp-json\/wp\/v2\/pages\/3080","targetHints":{"allow":["GET"]}}],"collection":[{"href":"https:\/\/botiga.tram.cat\/es\/wp-json\/wp\/v2\/pages"}],"about":[{"href":"https:\/\/botiga.tram.cat\/es\/wp-json\/wp\/v2\/types\/page"}],"author":[{"embeddable":true,"href":"https:\/\/botiga.tram.cat\/es\/wp-json\/wp\/v2\/users\/1"}],"replies":[{"embeddable":true,"href":"https:\/\/botiga.tram.cat\/es\/wp-json\/wp\/v2\/comments?post=3080"}],"version-history":[{"count":8,"href":"https:\/\/botiga.tram.cat\/es\/wp-json\/wp\/v2\/pages\/3080\/revisions"}],"predecessor-version":[{"id":4696,"href":"https:\/\/botiga.tram.cat\/es\/wp-json\/wp\/v2\/pages\/3080\/revisions\/4696"}],"wp:attachment":[{"href":"https:\/\/botiga.tram.cat\/es\/wp-json\/wp\/v2\/media?parent=3080"}],"curies":[{"name":"wp","href":"https:\/\/api.w.org\/{rel}","templated":true}]}}