{"id":3099,"date":"2018-05-29T06:02:59","date_gmt":"2018-05-29T06:02:59","guid":{"rendered":"https:\/\/tram-botiga-pro.azurewebsites.net\/portfolio\/"},"modified":"2019-05-10T11:17:53","modified_gmt":"2019-05-10T09:17:53","slug":"aviso-legal","status":"publish","type":"page","link":"https:\/\/botiga.tram.cat\/es\/aviso-legal\/","title":{"rendered":"Aviso legal"},"content":{"rendered":"<div class=\"wpb-content-wrapper\">[vc_row][vc_column][vc_custom_heading text=&#8221;Aviso legal&#8221; font_container=&#8221;tag:h2|font_size:40|text_align:left|color:%2311c6b4&#8243; use_theme_fonts=&#8221;yes&#8221;][vc_column_text]1.- Datos identificativos<\/p>\n<p>En cumplimiento de la Ley 34\/2002, de 11 de julio, de servicios de la sociedad de la informaci\u00f3n y del comercio electr\u00f3nico, los datos identificativos del titular del portal botiga.tram.cat, tienda.tram.cat y shop.tram.cat son:<\/p>\n<p>TRAMBAIX UTE<br \/>\nAv. Barcelona, s\/n<br \/>\nCIF: U62868906<\/p>\n<p>El acceso a este sitio web, a su contenido y a sus funcionalidades supone la aceptaci\u00f3n expresa por parte del usuario de las presentes Condiciones Generales de uso, que podr\u00e1n ser modificadas o sustituidas por su titular en cualquier momento y sin aviso previo.<\/p>\n<p>TRAMBAIX UTE declina toda responsabilidad en cuanto a la informaci\u00f3n exterior a la presente web y que no sea gestionada directamente por nuestro administrador web.<\/p>\n<p>TRAMBAIX UTE se reserva el derecho a llevar a cabo el desarrollo, la modificaci\u00f3n, la exclusi\u00f3n o la inclusi\u00f3n de textos o de im\u00e1genes en el desarrollo de sus p\u00e1ginas web.<\/p>\n<p>2.- Condiciones Generales de uso<\/p>\n<p>Las siguientes Condiciones Generales regulan la utilizaci\u00f3n y el acceso al portal web botiga.tram.cat, tienda.tram.cat y shop.tram.cat, cuya finalidad consiste en vender productos de merchandising de TRAMBAIX UTE.<\/p>\n<p>Tanto el acceso a esta web como el uso que pueda hacerse de la informaci\u00f3n que contiene es responsabilidad exclusiva de quien lo realiza. TRAMBAIX UTE no se hace responsable de los posibles errores de seguridad que puedan producirse ni de los posibles da\u00f1os que puedan causarse al sistema inform\u00e1tico del usuario (software y hardware), a los archivos o a los documentos que est\u00e9n almacenados en el mismo, a consecuencia de la presencia de virus en el ordenador que el usuario ha empleado para realizar la conexi\u00f3n con los servicios y los contenidos de la web, de un funcionamiento incorrecto del navegador o de la utilizaci\u00f3n de versiones del mismo no actualizadas.<\/p>\n<p>3.- Propiedad intelectual<\/p>\n<p>Todos los contenidos de la web (incluidos, sin car\u00e1cter limitativo, las bases de datos, las im\u00e1genes, los dibujos, los gr\u00e1ficos, los archivos de texto, etc.) son propiedad de TRAMBAIX UTE y est\u00e1n protegidos por las normas nacionales o internacionales de la propiedad intelectual e industrial.<\/p>\n<p>Las marcas, los r\u00f3tulos, los signos distintivos o logotipos de TRAMBAIX UTE que aparezcan en la web son titularidad de TRAMBAIX UTE y est\u00e1n debidamente registrados. Por tanto, se proh\u00edbe cualquier modificaci\u00f3n, copia, alteraci\u00f3n, reproducci\u00f3n, adaptaci\u00f3n o traducci\u00f3n de los mismos por parte del usuario o de terceros, salvo en el caso de que se disponga de una autorizaci\u00f3n expresa para hacerlo.<\/p>\n<p>4.- Enlaces<\/p>\n<p>Las conexiones y los enlaces a sitios o p\u00e1ginas web de terceros se han establecido \u00fanicamente como utilidad para el usuario. TRAMBAIX UTE no es responsable de los mismos, ni tampoco se responsabiliza de su contenido.<\/p>\n<p>Para realizar enlaces con la p\u00e1gina botiga.tram.cat, tienda.tram.cat y shop.tram.cat ser\u00e1 necesario disponer de la autorizaci\u00f3n expresa y por escrito de los titulares del portal.<\/p>\n<p>5.- Protecci\u00f3n de datos. Pol\u00edtica de privacidad<\/p>\n<p>TRAMBAIX UTE, de acuerdo con lo que establece la Ley org\u00e1nica 15\/1999, de 13 de diciembre, de protecci\u00f3n de datos de car\u00e1cter personal, y su normativa de desarrollo, informa a los usuarios de la p\u00e1gina web botiga.tram.cat, tienda.tram.cat y shop.tram.cat de que todos los datos personales que se recojan en la misma se almacenar\u00e1n en un fichero de datos de car\u00e1cter personal de su titularidad, el cual se encuentra debidamente inscrito en el Registro General de la Agencia Espa\u00f1ola de Protecci\u00f3n de Datos.<\/p>\n<p>La recogida y el almacenamiento de los datos personales de los usuarios se realiza de acuerdo con las disposiciones de la normativa vigente en materia de protecci\u00f3n de datos de car\u00e1cter personal y se utilizar\u00e1n \u00fanicamente con los fines establecidos: responder a las solicitudes de informaci\u00f3n de los usuarios y con las finalidades indicadas en los formularios correspondientes para la prestaci\u00f3n del servicio requerido, previamente a la solicitud de los datos.<\/p>\n<p>Los datos se recoger\u00e1n mediante los formularios correspondientes, que \u00fanicamente contendr\u00e1n los campos imprescindibles para poder prestar el servicio requerido por el usuario. Los datos tendr\u00e1n car\u00e1cter confidencial y no se tratar\u00e1n para usos distintos de los aqu\u00ed anunciados. Se informa que a fin de mejorar la rapidez de soluci\u00f3n de las peticiones de los usuarios, los datos pueden cederse a la Administraci\u00f3n, a veces a trav\u00e9s de Tramvia Metropolit\u00e0, con lo cual el presente aviso legal sirve como consentimiento inequ\u00edvoco.<\/p>\n<p>El usuario garantiza que los datos personales que facilite a TRAMBAIX UTE responden con veracidad a la situaci\u00f3n real y que comunicar\u00e1 cualquier modificaci\u00f3n que los afecte. En consecuencia, TRAMBAIX UTE se exonera de cualquier responsabilidad derivada del incumplimiento, por parte del usuario, de esta garant\u00eda, y el usuario deber\u00e1 responder ante TRAMBAIX UTE y terceros por cualesquiera da\u00f1os y perjuicios ocasionados a consecuencia del incumplimiento de las obligaciones asumidas en la presente cl\u00e1usula.<\/p>\n<p>El usuario podr\u00e1 ejercer en cualquier momento y de manera gratuita los derechos de acceso, de rectificaci\u00f3n, de cancelaci\u00f3n y de oposici\u00f3n al tratamiento de sus datos personales mediante un escrito con la referencia \u201cProtecci\u00f3n de Datos\u201d, en el que se especifique la solicitud correspondiente y se adjunte una fotocopia del documento nacional de identidad del interesado, que se enviar\u00e1 a la direcci\u00f3n siguiente: Avinguda Barcelona, s\/n, 08970 Sant Joan Desp\u00ed.<\/p>\n<p>TRAMBAIX UTE garantiza que ha adoptado las medidas de seguridad oportunas en sus instalaciones, sistemas y ficheros, de conformidad con la normativa vigente en cada momento, con el fin de garantizar la confidencialidad absoluta en el almacenamiento y en el tratamiento de los datos personales, y para evitar accesos por parte de terceros no autorizados, teniendo en cuenta el estado de la tecnolog\u00eda, la naturaleza de los datos y los riesgos a los que est\u00e1n expuestos.<\/p>\n<p>TRAMBAIX UTE informa de que durante la navegaci\u00f3n se emplear\u00e1n cookies, es decir, archivos de datos que se generan en el ordenador del usuario o del cliente, y que permiten que nuestros sistemas recuerden las caracter\u00edsticas o preferencias de navegaci\u00f3n del usuario. Estas cookies se asocian \u00fanicamente con el navegador de un ordenador determinado (un usuario an\u00f3nimo) sin proporcionar ning\u00fan dato personal del usuario. Este tiene la posibilidad de configurar su navegador para que le avise en pantalla de la recepci\u00f3n de cookies y para impedir su instalaci\u00f3n en el disco duro. Cons\u00faltense las instrucciones y los manuales del navegador para ampliar esta informaci\u00f3n. La desactivaci\u00f3n no impide la visualizaci\u00f3n de las p\u00e1ginas del sitio web ni interfiere en la navegaci\u00f3n.<\/p>\n<p>6.- Responsabilidad<\/p>\n<p>TRAMBAIX UTE no se hace responsable de los da\u00f1os ocasionales en los sistemas inform\u00e1ticos de los usuarios por causas ajenas a su voluntad, ni de aquellos que se produzcan por la existencia de virus inform\u00e1ticos en Internet.<\/p>\n<p>TRAMBAIX UTE no se hace responsable de los contenidos remitidos por terceras personas cuando vulneren o infrinjan las disposiciones legales vigentes en materia de propiedad intelectual.<\/p>\n<p>7.- Jurisdicci\u00f3n<\/p>\n<p>En caso de controversia o de conflicto que pueda derivarse de la interpretaci\u00f3n o del cumplimiento del presente aviso legal, estos se someter\u00e1n a los tribunales y juzgados de Barcelona.<\/p>\n[\/vc_column_text][\/vc_column][\/vc_row][vc_row][vc_column][\/vc_column][\/vc_row]\n<\/div>","protected":false},"excerpt":{"rendered":"<p>[vc_row][vc_column][vc_custom_heading text=&#8221;Aviso legal&#8221; font_container=&#8221;tag:h2|font_size:40|text_align:left|color:%2311c6b4&#8243; use_theme_fonts=&#8221;yes&#8221;][vc_column_text]1.- Datos identificativos En cumplimiento de la Ley 34\/2002, de 11 de julio, de servicios de la sociedad de la informaci\u00f3n y del comercio electr\u00f3nico, los datos identificativos del titular del portal botiga.tram.cat, tienda.tram.cat y shop.tram.cat<\/p>\n","protected":false},"author":1,"featured_media":0,"parent":0,"menu_order":0,"comment_status":"closed","ping_status":"closed","template":"page-templates\/porfolio-page.php","meta":{"rs_blank_template":"","rs_page_bg_color":"","slide_template_v7":"","footnotes":""},"class_list":["post-3099","page","type-page","status-publish","hentry"],"_links":{"self":[{"href":"https:\/\/botiga.tram.cat\/es\/wp-json\/wp\/v2\/pages\/3099","targetHints":{"allow":["GET"]}}],"collection":[{"href":"https:\/\/botiga.tram.cat\/es\/wp-json\/wp\/v2\/pages"}],"about":[{"href":"https:\/\/botiga.tram.cat\/es\/wp-json\/wp\/v2\/types\/page"}],"author":[{"embeddable":true,"href":"https:\/\/botiga.tram.cat\/es\/wp-json\/wp\/v2\/users\/1"}],"replies":[{"embeddable":true,"href":"https:\/\/botiga.tram.cat\/es\/wp-json\/wp\/v2\/comments?post=3099"}],"version-history":[{"count":0,"href":"https:\/\/botiga.tram.cat\/es\/wp-json\/wp\/v2\/pages\/3099\/revisions"}],"wp:attachment":[{"href":"https:\/\/botiga.tram.cat\/es\/wp-json\/wp\/v2\/media?parent=3099"}],"curies":[{"name":"wp","href":"https:\/\/api.w.org\/{rel}","templated":true}]}}