{"id":3387,"date":"2019-05-14T13:45:55","date_gmt":"2019-05-14T11:45:55","guid":{"rendered":"https:\/\/tram-botiga-pro.azurewebsites.net\/?page_id=3387"},"modified":"2020-09-29T11:56:04","modified_gmt":"2020-09-29T09:56:04","slug":"precios-i-devoluciones","status":"publish","type":"page","link":"https:\/\/botiga.tram.cat\/es\/precios-i-devoluciones\/","title":{"rendered":"Precios y devoluciones."},"content":{"rendered":"\n<p>Los precios de la p\u00e1gina web incluyen IVA, pero excluyen los gastos de env\u00edo. Ponemos estos datos a continuaci\u00f3n:<\/p>\n\n\n\n<ul class=\"wp-block-list\"><li>Env\u00edos a pen\u00ednsula: 4,50 \u20ac<\/li><li>Andorra: 12 \u20ac<\/li><li>Ceuta, Melilla, Baleares y Canarias: 12 \u20ac<\/li><\/ul>\n\n\n\n<p>El plazo de entrega normalmente ser\u00e1 en d\u00edas laborables de 48h a 72h, hasta un m\u00e1ximo de 30 d\u00edas que se indicar\u00e1 en la cesta de compra, para productos personalizados este plazo puede establecerse en fechas m\u00e1s lejanas de ese plazo.<\/p>\n\n\n\n<p><strong>Para compras que superen los 50\u20ac el env\u00edo ser\u00e1 gratuito para todas las zonas mencionadas anteriormente.<\/strong><\/p>\n\n\n\n<p>Devoluciones:<\/p>\n\n\n\n<p>Como usuario tiene un plazo de 14 d\u00edas naturales para la devoluci\u00f3n desde que se recibe el producto. Excepto productos personalizados. Es necesario notificar al correo electr\u00f3nico: shop@tram.cat la devoluci\u00f3n indicando el n\u00famero de pedido dentro del plazo establecido.<\/p>\n\n\n\n<p>En caso de devoluci\u00f3n, se devolver\u00e1 el abono completo del precio del producto, pero&nbsp;<strong>no los gastos de env\u00edo.<\/strong>&nbsp;Tampoco est\u00e1n incluidos los gastos arancelarios.<\/p>\n\n\n\n<p>Para productos rotos, se cambiar\u00e1 por uno nuevo.<\/p>\n\n\n\n<p>En caso de cancelaci\u00f3n, si el producto a\u00fan no ha salido de almac\u00e9n, la devoluci\u00f3n del abono ser\u00e1 el total del importe pagado en la web.<\/p>\n\n\n\n<p>Para cualquier duda puede ponerse en contacto con nosotros a trav\u00e9s de este&nbsp;<a href=\"https:\/\/botiga.tram.cat\/es\/atencion-al-cliente\/\">formulario.<\/a><\/p>\n","protected":false},"excerpt":{"rendered":"<p>Los precios de la p\u00e1gina web incluyen IVA, pero excluyen los gastos de env\u00edo. Ponemos estos datos a continuaci\u00f3n: Env\u00edos a pen\u00ednsula: 4,50 \u20ac Andorra: 12 \u20ac Ceuta, Melilla, Baleares y Canarias: 12 \u20ac El plazo de entrega normalmente ser\u00e1<\/p>\n","protected":false},"author":1,"featured_media":0,"parent":0,"menu_order":0,"comment_status":"closed","ping_status":"closed","template":"","meta":{"rs_blank_template":"","rs_page_bg_color":"","slide_template_v7":"","footnotes":""},"class_list":["post-3387","page","type-page","status-publish","hentry"],"_links":{"self":[{"href":"https:\/\/botiga.tram.cat\/es\/wp-json\/wp\/v2\/pages\/3387","targetHints":{"allow":["GET"]}}],"collection":[{"href":"https:\/\/botiga.tram.cat\/es\/wp-json\/wp\/v2\/pages"}],"about":[{"href":"https:\/\/botiga.tram.cat\/es\/wp-json\/wp\/v2\/types\/page"}],"author":[{"embeddable":true,"href":"https:\/\/botiga.tram.cat\/es\/wp-json\/wp\/v2\/users\/1"}],"replies":[{"embeddable":true,"href":"https:\/\/botiga.tram.cat\/es\/wp-json\/wp\/v2\/comments?post=3387"}],"version-history":[{"count":7,"href":"https:\/\/botiga.tram.cat\/es\/wp-json\/wp\/v2\/pages\/3387\/revisions"}],"predecessor-version":[{"id":3868,"href":"https:\/\/botiga.tram.cat\/es\/wp-json\/wp\/v2\/pages\/3387\/revisions\/3868"}],"wp:attachment":[{"href":"https:\/\/botiga.tram.cat\/es\/wp-json\/wp\/v2\/media?parent=3387"}],"curies":[{"name":"wp","href":"https:\/\/api.w.org\/{rel}","templated":true}]}}