{"id":2908,"date":"2019-03-12T16:42:51","date_gmt":"2019-04-12T14:35:29","guid":{"rendered":"https:\/\/tram-botiga-pro.azurewebsites.net\/?post_type=product&#038;p=2908"},"modified":"2025-07-07T18:37:40","modified_gmt":"2025-07-07T16:37:40","slug":"cojin-en-forma-de-tram","status":"publish","type":"product","link":"https:\/\/botiga.tram.cat\/es\/producto\/cojin-en-forma-de-tram\/","title":{"rendered":"Coj\u00edn en forma de TRAM"},"content":{"rendered":"","protected":false},"excerpt":{"rendered":"<p>Coj\u00edn en forma de tramv\u00eda fabricado a mano. Exterior 100% algod\u00f3n e interior 100% fibra poli\u00e9ster ign\u00edfgua. Con certificado OEKO TEX\u00ae. Dise\u00f1ado por Materia Creativa. Dise\u00f1ado y producido en Barcelona<\/p>\n<p>Medida: 96 x 18,5 cm<\/p>\n<p><strong>Mida<\/strong>: 96 x 18,5 cm<\/p>\n<p>&nbsp;<\/p>\n<table bgcolor=\"#EEEEEE\" width=\"100%\">\n<tr>\n<td align=\"center\">\n<strong>Gastos de env\u00edo a partir de 4,50\u20ac. Para m\u00e1s informaci\u00f3n consulta el apartado <a href=\"\/es\/precios-i-devoluciones\" target=\"_blank\" rel=\"noopener noreferrer\">precios y devoluciones<\/a>.<\/strong>\n<\/td>\n<\/tr>\n<tr>\n<td align=\"center\">\n<strong>Env\u00edo gratuito para compras superiores a 50 EUR.<\/strong>\n<\/td>\n<\/tr>\n<\/table>\n","protected":false},"featured_media":2755,"template":"","meta":{"rs_blank_template":"","rs_page_bg_color":"","slide_template_v7":""},"product_brand":[],"product_cat":[173],"product_tag":[235,182],"class_list":{"0":"post-2908","1":"product","2":"type-product","3":"status-publish","4":"has-post-thumbnail","6":"product_cat-productos","7":"product_tag-casa-es","8":"product_tag-tram-es","10":"first","11":"instock","12":"taxable","13":"shipping-taxable","14":"purchasable","15":"product-type-simple"},"_links":{"self":[{"href":"https:\/\/botiga.tram.cat\/es\/wp-json\/wp\/v2\/product\/2908","targetHints":{"allow":["GET"]}}],"collection":[{"href":"https:\/\/botiga.tram.cat\/es\/wp-json\/wp\/v2\/product"}],"about":[{"href":"https:\/\/botiga.tram.cat\/es\/wp-json\/wp\/v2\/types\/product"}],"wp:featuredmedia":[{"embeddable":true,"href":"https:\/\/botiga.tram.cat\/es\/wp-json\/wp\/v2\/media\/2755"}],"wp:attachment":[{"href":"https:\/\/botiga.tram.cat\/es\/wp-json\/wp\/v2\/media?parent=2908"}],"wp:term":[{"taxonomy":"product_brand","embeddable":true,"href":"https:\/\/botiga.tram.cat\/es\/wp-json\/wp\/v2\/product_brand?post=2908"},{"taxonomy":"product_cat","embeddable":true,"href":"https:\/\/botiga.tram.cat\/es\/wp-json\/wp\/v2\/product_cat?post=2908"},{"taxonomy":"product_tag","embeddable":true,"href":"https:\/\/botiga.tram.cat\/es\/wp-json\/wp\/v2\/product_tag?post=2908"}],"curies":[{"name":"wp","href":"https:\/\/api.w.org\/{rel}","templated":true}]}}