{"id":2916,"date":"2019-03-12T16:35:20","date_gmt":"2019-04-12T14:49:55","guid":{"rendered":"https:\/\/tram-botiga-pro.azurewebsites.net\/?post_type=product&#038;p=2916"},"modified":"2021-03-02T00:10:18","modified_gmt":"2021-03-01T22:10:18","slug":"poster-ferroviario-ptp","status":"publish","type":"product","link":"https:\/\/botiga.tram.cat\/es\/product\/poster-ferroviario-ptp\/","title":{"rendered":"P\u00f3ster ferroviario PTP"},"content":{"rendered":"","protected":false},"excerpt":{"rendered":"<p>P\u00f3ster A1 con 22 veh\u00edculos representativos de la movilidad ferroviaria, desde trenes de alta velocidad a trenes de cercan\u00edas, metro, tranv\u00eda, cremalleras y funiculares. Se representan a escala y acompa\u00f1ados de las principales caracter\u00edsticas t\u00e9cnicas. Dise\u00f1o de la PTP.<\/p>\n<p>Medidas: 84,1 x 59,4 cm<\/p>\n<table width=\"100%\" bgcolor=\"#EEEEEE\">\n<tbody>\n<tr>\n<td align=\"center\"><strong>Gastos de env\u00edo a partir de 4,50\u20ac. Para m\u00e1s informaci\u00f3n consulta el apartado <a href=\"\/es\/precios-i-devoluciones\" target=\"_blank\" rel=\"noopener noreferrer\">precios y devoluciones<\/a>.<\/strong><\/td>\n<\/tr>\n<tr>\n<td align=\"center\"><strong>Env\u00edo gratuito para compras superiores a 50 EUR.<\/strong><\/td>\n<\/tr>\n<\/tbody>\n<\/table>\n","protected":false},"featured_media":2779,"template":"","meta":{"rs_blank_template":"","rs_page_bg_color":"","slide_template_v7":""},"product_brand":[],"product_cat":[173],"product_tag":[197,187,182],"class_list":{"0":"post-2916","1":"product","2":"type-product","3":"status-publish","4":"has-post-thumbnail","6":"product_cat-productos","7":"product_tag-poster-es","8":"product_tag-producte-exclusiu-del-tram-es","9":"product_tag-tram-es","11":"first","12":"outofstock","13":"taxable","14":"shipping-taxable","15":"purchasable","16":"product-type-simple"},"_links":{"self":[{"href":"https:\/\/botiga.tram.cat\/es\/wp-json\/wp\/v2\/product\/2916","targetHints":{"allow":["GET"]}}],"collection":[{"href":"https:\/\/botiga.tram.cat\/es\/wp-json\/wp\/v2\/product"}],"about":[{"href":"https:\/\/botiga.tram.cat\/es\/wp-json\/wp\/v2\/types\/product"}],"wp:featuredmedia":[{"embeddable":true,"href":"https:\/\/botiga.tram.cat\/es\/wp-json\/wp\/v2\/media\/2779"}],"wp:attachment":[{"href":"https:\/\/botiga.tram.cat\/es\/wp-json\/wp\/v2\/media?parent=2916"}],"wp:term":[{"taxonomy":"product_brand","embeddable":true,"href":"https:\/\/botiga.tram.cat\/es\/wp-json\/wp\/v2\/product_brand?post=2916"},{"taxonomy":"product_cat","embeddable":true,"href":"https:\/\/botiga.tram.cat\/es\/wp-json\/wp\/v2\/product_cat?post=2916"},{"taxonomy":"product_tag","embeddable":true,"href":"https:\/\/botiga.tram.cat\/es\/wp-json\/wp\/v2\/product_tag?post=2916"}],"curies":[{"name":"wp","href":"https:\/\/api.w.org\/{rel}","templated":true}]}}