{"id":2933,"date":"2019-03-12T16:22:43","date_gmt":"2019-04-12T15:29:08","guid":{"rendered":"https:\/\/tram-botiga-pro.azurewebsites.net\/?post_type=product&#038;p=2933"},"modified":"2022-11-08T12:45:59","modified_gmt":"2022-11-08T10:45:59","slug":"bolas-de-navidad","status":"publish","type":"product","link":"https:\/\/botiga.tram.cat\/es\/product\/bolas-de-navidad\/","title":{"rendered":"Bolas de Navidad"},"content":{"rendered":"","protected":false},"excerpt":{"rendered":"<div class=\"product-title\"><span class=\"sup-title\">Producto exclusivo del TRAM<\/span><\/div>\n<div class=\"std\">\n<div class=\"description\">\n<p> Estuche con cuatro bolas de Navidad fabricadas en base de vidrio blanco mate. Dise\u00f1o con motivos navide\u00f1os. Dise\u00f1ado y fabricado en Barcelona. Di\u00e1metro de las bolas: 7 cm.<\/p>\n<table bgcolor=\"#EEEEEE\" width=\"100%\">\n<tbody>\n<tr>\n<td align=\"center\"><strong>Gastos de env\u00edo a partir de 4,50\u20ac. Para m\u00e1s informaci\u00f3n consulta el apartado <a href=\"\/es\/precios-i-devoluciones\" target=\"_blank\" rel=\"noopener noreferrer\">precios y devoluciones<\/a>.<\/strong><\/td>\n<\/tr>\n<tr>\n<td align=\"center\"><strong>Env\u00edo gratuito para compras superiores a 50 EUR.<\/strong><\/td>\n<\/tr>\n<\/tbody>\n<\/table>\n<\/div><\/div>\n","protected":false},"featured_media":2799,"template":"","meta":{"rs_blank_template":"","rs_page_bg_color":"","slide_template_v7":""},"product_brand":[],"product_cat":[173],"product_tag":[182],"class_list":{"0":"post-2933","1":"product","2":"type-product","3":"status-publish","4":"has-post-thumbnail","6":"product_cat-productos","7":"product_tag-tram-es","9":"first","10":"instock","11":"taxable","12":"shipping-taxable","13":"purchasable","14":"product-type-simple"},"_links":{"self":[{"href":"https:\/\/botiga.tram.cat\/es\/wp-json\/wp\/v2\/product\/2933","targetHints":{"allow":["GET"]}}],"collection":[{"href":"https:\/\/botiga.tram.cat\/es\/wp-json\/wp\/v2\/product"}],"about":[{"href":"https:\/\/botiga.tram.cat\/es\/wp-json\/wp\/v2\/types\/product"}],"wp:featuredmedia":[{"embeddable":true,"href":"https:\/\/botiga.tram.cat\/es\/wp-json\/wp\/v2\/media\/2799"}],"wp:attachment":[{"href":"https:\/\/botiga.tram.cat\/es\/wp-json\/wp\/v2\/media?parent=2933"}],"wp:term":[{"taxonomy":"product_brand","embeddable":true,"href":"https:\/\/botiga.tram.cat\/es\/wp-json\/wp\/v2\/product_brand?post=2933"},{"taxonomy":"product_cat","embeddable":true,"href":"https:\/\/botiga.tram.cat\/es\/wp-json\/wp\/v2\/product_cat?post=2933"},{"taxonomy":"product_tag","embeddable":true,"href":"https:\/\/botiga.tram.cat\/es\/wp-json\/wp\/v2\/product_tag?post=2933"}],"curies":[{"name":"wp","href":"https:\/\/api.w.org\/{rel}","templated":true}]}}