{"id":2935,"date":"2019-03-12T16:21:48","date_gmt":"2019-03-12T14:21:48","guid":{"rendered":"https:\/\/tram-botiga-pro.azurewebsites.net\/product\/llibreta-amb-goma\/"},"modified":"2025-12-09T01:00:27","modified_gmt":"2025-12-08T23:00:27","slug":"libreta-con-goma","status":"publish","type":"product","link":"https:\/\/botiga.tram.cat\/es\/producto\/libreta-con-goma\/","title":{"rendered":"Libreta con goma"},"content":{"rendered":"","protected":false},"excerpt":{"rendered":"<div class=\"product-title\">\n<p><span class=\"sup-title\">Producto exclusivo del TRAM<\/span><\/p>\n<p><strong>DALE FORMA Y COLOR\u00a0 A LA IMAGINACI\u00d3N<\/strong><\/p>\n<\/div>\n<div class=\"std\">\n<div class=\"description\">\n<p>Libreta con goma y con encuadernaci\u00f3n americana. Dise\u00f1o de las cubiertas de Montse Bala\u00f1\u00e0. Se han utilizado tintes ECOGLOSS basados en aceites vegetales y exentos de derivados del petr\u00f3leo. Dise\u00f1ado y producido en Barcelona. Formato Din A5.<\/p>\n<table width=\"100%\" bgcolor=\"#EEEEEE\">\n<tbody>\n<tr>\n<td align=\"center\"><strong>Gastos de env\u00edo a partir de 4,50\u20ac. Para m\u00e1s informaci\u00f3n consulta el apartado <a href=\"\/es\/precios-i-devoluciones\" target=\"_blank\" rel=\"noopener noreferrer\">precios y devoluciones<\/a>.<\/strong><\/td>\n<\/tr>\n<tr>\n<td align=\"center\"><strong>Env\u00edo gratuito para compras superiores a 50 EUR.<\/strong><\/td>\n<\/tr>\n<\/tbody>\n<\/table>\n<\/div>\n<\/div>\n","protected":false},"featured_media":2801,"template":"","meta":{"rs_blank_template":"","rs_page_bg_color":"","slide_template_v7":""},"product_brand":[],"product_cat":[173],"product_tag":[179,180,181,182],"class_list":{"0":"post-2935","1":"product","2":"type-product","3":"status-publish","4":"has-post-thumbnail","6":"product_cat-productos","7":"product_tag-goma-es","8":"product_tag-llapis-es","9":"product_tag-llibreta-es","10":"product_tag-tram-es","12":"first","13":"instock","14":"taxable","15":"shipping-taxable","16":"purchasable","17":"product-type-simple"},"_links":{"self":[{"href":"https:\/\/botiga.tram.cat\/es\/wp-json\/wp\/v2\/product\/2935","targetHints":{"allow":["GET"]}}],"collection":[{"href":"https:\/\/botiga.tram.cat\/es\/wp-json\/wp\/v2\/product"}],"about":[{"href":"https:\/\/botiga.tram.cat\/es\/wp-json\/wp\/v2\/types\/product"}],"wp:featuredmedia":[{"embeddable":true,"href":"https:\/\/botiga.tram.cat\/es\/wp-json\/wp\/v2\/media\/2801"}],"wp:attachment":[{"href":"https:\/\/botiga.tram.cat\/es\/wp-json\/wp\/v2\/media?parent=2935"}],"wp:term":[{"taxonomy":"product_brand","embeddable":true,"href":"https:\/\/botiga.tram.cat\/es\/wp-json\/wp\/v2\/product_brand?post=2935"},{"taxonomy":"product_cat","embeddable":true,"href":"https:\/\/botiga.tram.cat\/es\/wp-json\/wp\/v2\/product_cat?post=2935"},{"taxonomy":"product_tag","embeddable":true,"href":"https:\/\/botiga.tram.cat\/es\/wp-json\/wp\/v2\/product_tag?post=2935"}],"curies":[{"name":"wp","href":"https:\/\/api.w.org\/{rel}","templated":true}]}}