{"id":2943,"date":"2019-03-12T15:51:26","date_gmt":"2019-03-12T13:51:26","guid":{"rendered":"https:\/\/tram-botiga-pro.azurewebsites.net\/product\/poster-il%c2%b7lustrat\/"},"modified":"2024-07-11T20:43:08","modified_gmt":"2024-07-11T18:43:08","slug":"poster-ilustrado","status":"publish","type":"product","link":"https:\/\/botiga.tram.cat\/es\/producto\/poster-ilustrado\/","title":{"rendered":"P\u00f3ster ilustrado"},"content":{"rendered":"","protected":false},"excerpt":{"rendered":"<div class=\"product-title\">\n<p> <span class=\"sup-title\">Producto exclusivo del TRAM<\/span><\/p>\n<h3>UNA MANO DE PINTURA PARA UNA CIUDAD CON VIDA<\/h3>\n<\/p><\/div>\n<div class=\"std\">\n<div class=\"description\">\n<p> P\u00f3ster de papel con pel\u00edcula tipo pizarra blanca con ilustraci\u00f3n del TRAM y de Barcelona. Ilustrado por Joan Guardiet. Se han utilizado tintes ECOGLOSS basados en aceites vegetales y exentos de derivados del petr\u00f3leo.<\/p>\n<p> Dise\u00f1ado y producido en Barcelona.<\/p>\n<p> Incluye 8 rotuladores infantiles Crayola\u00ae.<\/p>\n<table bgcolor=\"#EEEEEE\" width=\"100%\">\n<tbody>\n<tr>\n<td align=\"center\"><strong>Gastos de env\u00edo a partir de 4,50\u20ac. Para m\u00e1s informaci\u00f3n consulta el apartado <a href=\"\/es\/precios-i-devoluciones\" target=\"_blank\" rel=\"noopener noreferrer\">precios y devoluciones<\/a>.<\/strong><\/td>\n<\/tr>\n<tr>\n<td align=\"center\"><strong>Env\u00edo gratuito para compras superiores a 50 EUR.<\/strong><\/td>\n<\/tr>\n<\/tbody>\n<\/table><\/div>\n<\/p><\/div>\n","protected":false},"featured_media":2813,"template":"","meta":{"rs_blank_template":"","rs_page_bg_color":"","slide_template_v7":""},"product_brand":[],"product_cat":[173],"product_tag":[195,196,197,182],"class_list":{"0":"post-2943","1":"product","2":"type-product","3":"status-publish","4":"has-post-thumbnail","6":"product_cat-productos","7":"product_tag-barcelona-es","8":"product_tag-pintar-es","9":"product_tag-poster-es","10":"product_tag-tram-es","12":"first","13":"instock","14":"taxable","15":"shipping-taxable","16":"purchasable","17":"product-type-simple"},"_links":{"self":[{"href":"https:\/\/botiga.tram.cat\/es\/wp-json\/wp\/v2\/product\/2943","targetHints":{"allow":["GET"]}}],"collection":[{"href":"https:\/\/botiga.tram.cat\/es\/wp-json\/wp\/v2\/product"}],"about":[{"href":"https:\/\/botiga.tram.cat\/es\/wp-json\/wp\/v2\/types\/product"}],"wp:featuredmedia":[{"embeddable":true,"href":"https:\/\/botiga.tram.cat\/es\/wp-json\/wp\/v2\/media\/2813"}],"wp:attachment":[{"href":"https:\/\/botiga.tram.cat\/es\/wp-json\/wp\/v2\/media?parent=2943"}],"wp:term":[{"taxonomy":"product_brand","embeddable":true,"href":"https:\/\/botiga.tram.cat\/es\/wp-json\/wp\/v2\/product_brand?post=2943"},{"taxonomy":"product_cat","embeddable":true,"href":"https:\/\/botiga.tram.cat\/es\/wp-json\/wp\/v2\/product_cat?post=2943"},{"taxonomy":"product_tag","embeddable":true,"href":"https:\/\/botiga.tram.cat\/es\/wp-json\/wp\/v2\/product_tag?post=2943"}],"curies":[{"name":"wp","href":"https:\/\/api.w.org\/{rel}","templated":true}]}}