{"id":2944,"date":"2019-03-12T14:56:48","date_gmt":"2019-03-12T12:56:48","guid":{"rendered":"https:\/\/tram-botiga-pro.azurewebsites.net\/product\/ampolla-termica-laken\/"},"modified":"2026-03-24T14:54:19","modified_gmt":"2026-03-24T12:54:19","slug":"botella-termica-laken","status":"publish","type":"product","link":"https:\/\/botiga.tram.cat\/es\/producto\/botella-termica-laken\/","title":{"rendered":"Botella t\u00e9rmica LAKEN\u00ae"},"content":{"rendered":"","protected":false},"excerpt":{"rendered":"<div class=\"product-title\">\n<p><span class=\"sup-title\">Producto exclusivo del TRAM<\/span><\/p>\n<p><strong>SI TE LLEVAS CONTIGO EL CALOR VIAJAR\u00c1S MEJOR<\/strong><\/p>\n<\/div>\n<div class=\"std\">\n<div class=\"description\">\n<p>Botella t\u00e9rmica Laken\u00ae de acero inoxidable de 500 ml con dise\u00f1o exterior de Montse Bala\u00f1\u00e0. Mantiene las bebidas calientes o fr\u00edas hasta 12h. Libre de bisfenol, plomo y otras sustancias perjudiciales. De acero inoxidable para uso alimentario y pintura at\u00f3xica.<\/p>\n<table width=\"100%\" bgcolor=\"#EEEEEE\">\n<tbody>\n<tr>\n<td align=\"center\"><strong>Gastos de env\u00edo a partir de 4,50\u20ac. Para m\u00e1s informaci\u00f3n consulta el apartado <a href=\"\/es\/precios-i-devoluciones\" target=\"_blank\" rel=\"noopener noreferrer\">precios y devoluciones<\/a>.<\/strong><\/td>\n<\/tr>\n<tr>\n<td align=\"center\"><strong>Env\u00edo gratuito para compras superiores a 50 EUR.<\/strong><\/td>\n<\/tr>\n<\/tbody>\n<\/table>\n<p>&nbsp;<\/p>\n<\/div>\n<\/div>\n","protected":false},"featured_media":2727,"template":"","meta":{"rs_blank_template":"","rs_page_bg_color":"","slide_template_v7":""},"product_brand":[],"product_cat":[173],"product_tag":[198,199,200,182,201],"class_list":{"0":"post-2944","1":"product","2":"type-product","3":"status-publish","4":"has-post-thumbnail","6":"product_cat-productos","7":"product_tag-ampolla-es","8":"product_tag-laken-es","9":"product_tag-termo-es","10":"product_tag-tram-es","11":"product_tag-viatjar-es","13":"first","14":"instock","15":"taxable","16":"shipping-taxable","17":"purchasable","18":"product-type-simple"},"_links":{"self":[{"href":"https:\/\/botiga.tram.cat\/es\/wp-json\/wp\/v2\/product\/2944","targetHints":{"allow":["GET"]}}],"collection":[{"href":"https:\/\/botiga.tram.cat\/es\/wp-json\/wp\/v2\/product"}],"about":[{"href":"https:\/\/botiga.tram.cat\/es\/wp-json\/wp\/v2\/types\/product"}],"wp:featuredmedia":[{"embeddable":true,"href":"https:\/\/botiga.tram.cat\/es\/wp-json\/wp\/v2\/media\/2727"}],"wp:attachment":[{"href":"https:\/\/botiga.tram.cat\/es\/wp-json\/wp\/v2\/media?parent=2944"}],"wp:term":[{"taxonomy":"product_brand","embeddable":true,"href":"https:\/\/botiga.tram.cat\/es\/wp-json\/wp\/v2\/product_brand?post=2944"},{"taxonomy":"product_cat","embeddable":true,"href":"https:\/\/botiga.tram.cat\/es\/wp-json\/wp\/v2\/product_cat?post=2944"},{"taxonomy":"product_tag","embeddable":true,"href":"https:\/\/botiga.tram.cat\/es\/wp-json\/wp\/v2\/product_tag?post=2944"}],"curies":[{"name":"wp","href":"https:\/\/api.w.org\/{rel}","templated":true}]}}