{"id":2954,"date":"2019-03-12T14:35:15","date_gmt":"2019-03-12T12:35:15","guid":{"rendered":"https:\/\/tram-botiga-pro.azurewebsites.net\/product\/joc-memory-del-tram\/"},"modified":"2026-04-14T21:21:16","modified_gmt":"2026-04-14T19:21:16","slug":"juego-memory-del-tram","status":"publish","type":"product","link":"https:\/\/botiga.tram.cat\/es\/producto\/juego-memory-del-tram\/","title":{"rendered":"Juego de memoria"},"content":{"rendered":"","protected":false},"excerpt":{"rendered":"<div class=\"product-title\">\n<p><span class=\"sup-title\">Producto exclusivo del TRAM<\/span><\/p>\n<p><strong>SI VIAJAS EN TRAM EL DOBLE SABR\u00c1S ENCONTRAR<\/strong><\/p>\n<\/div>\n<div class=\"std\">\n<div class=\"description\">\n<p>Juego de memoria visual con im\u00e1genes del TRAM. Contiene 36 fichas. Dise\u00f1ado y producido en Barcelona. No indicado para menores de 3 a\u00f1os.<\/p>\n<p>Medida: 65 x 65 mm por ficha<\/p>\n<table width=\"100%\" bgcolor=\"#EEEEEE\">\n<tbody>\n<tr>\n<td align=\"center\"><strong>Gastos de env\u00edo a partir de 4,50\u20ac. Para m\u00e1s informaci\u00f3n consulta el apartado <a href=\"\/es\/precios-i-devoluciones\" target=\"_blank\" rel=\"noopener noreferrer\">precios y devoluciones<\/a>.<\/strong><\/td>\n<\/tr>\n<tr>\n<td align=\"center\"><strong>Env\u00edo gratuito para compras superiores a 50 EUR.<\/strong><\/td>\n<\/tr>\n<\/tbody>\n<\/table>\n<\/div>\n<\/div>\n","protected":false},"featured_media":2741,"template":"","meta":{"rs_blank_template":"","rs_page_bg_color":"","slide_template_v7":""},"product_brand":[],"product_cat":[173],"product_tag":[218,219,220,187,182],"class_list":{"0":"post-2954","1":"product","2":"type-product","3":"status-publish","4":"has-post-thumbnail","6":"product_cat-productos","7":"product_tag-joc-es","8":"product_tag-memoria-es","9":"product_tag-memory-es","10":"product_tag-producte-exclusiu-del-tram-es","11":"product_tag-tram-es","13":"first","14":"instock","15":"taxable","16":"shipping-taxable","17":"purchasable","18":"product-type-simple"},"_links":{"self":[{"href":"https:\/\/botiga.tram.cat\/es\/wp-json\/wp\/v2\/product\/2954","targetHints":{"allow":["GET"]}}],"collection":[{"href":"https:\/\/botiga.tram.cat\/es\/wp-json\/wp\/v2\/product"}],"about":[{"href":"https:\/\/botiga.tram.cat\/es\/wp-json\/wp\/v2\/types\/product"}],"wp:featuredmedia":[{"embeddable":true,"href":"https:\/\/botiga.tram.cat\/es\/wp-json\/wp\/v2\/media\/2741"}],"wp:attachment":[{"href":"https:\/\/botiga.tram.cat\/es\/wp-json\/wp\/v2\/media?parent=2954"}],"wp:term":[{"taxonomy":"product_brand","embeddable":true,"href":"https:\/\/botiga.tram.cat\/es\/wp-json\/wp\/v2\/product_brand?post=2954"},{"taxonomy":"product_cat","embeddable":true,"href":"https:\/\/botiga.tram.cat\/es\/wp-json\/wp\/v2\/product_cat?post=2954"},{"taxonomy":"product_tag","embeddable":true,"href":"https:\/\/botiga.tram.cat\/es\/wp-json\/wp\/v2\/product_tag?post=2954"}],"curies":[{"name":"wp","href":"https:\/\/api.w.org\/{rel}","templated":true}]}}