{"id":2958,"date":"2019-03-12T14:22:01","date_gmt":"2019-03-12T12:22:01","guid":{"rendered":"https:\/\/tram-botiga-pro.azurewebsites.net\/product\/llibre-petita-historia-del-tramvia\/"},"modified":"2026-04-14T21:21:16","modified_gmt":"2026-04-14T19:21:16","slug":"libro-petita-historia-del-tramvia","status":"publish","type":"product","link":"https:\/\/botiga.tram.cat\/es\/producto\/libro-petita-historia-del-tramvia\/","title":{"rendered":"Libro Petita hist\u00f2ria del tramvia"},"content":{"rendered":"","protected":false},"excerpt":{"rendered":"<div class=\"product-title\"><\/div>\n<div class=\"std\">\n<div class=\"description\">\n<div class=\"product-title\">\n<p><span class=\"sup-title\">Ilustraciones de Pilar\u00edn Bay\u00e9s<\/span><\/p>\n<p><strong>LA HISTORIA DEL TRANVIA EXPLICADA PARA LOS PEQUES<\/strong><\/p>\n<\/div>\n<div class=\"std\">\n<div class=\"description\">\n<p>La interesante historia del Tranv\u00eda y el TRAM de Barcelona explicada en 16 p\u00e1ginas a todo color.<\/p>\n<p>\u00a1Desc\u00fabrela!<\/p>\n<p>Destinado a ni\u00f1os y ni\u00f1as de 8 a 12 a\u00f1os.<\/p>\n<table width=\"100%\" bgcolor=\"#EEEEEE\">\n<tbody>\n<tr>\n<td align=\"center\"><strong>Gastos de env\u00edo a partir de 4,50\u20ac. Para m\u00e1s informaci\u00f3n consulta el apartado <a href=\"\/es\/precios-i-devoluciones\" target=\"_blank\" rel=\"noopener noreferrer\">precios y devoluciones<\/a>.<\/strong><\/td>\n<\/tr>\n<tr>\n<td align=\"center\"><strong>Env\u00edo gratuito para compras superiores a 50 EUR.<\/strong><\/td>\n<\/tr>\n<\/tbody>\n<\/table>\n<\/div>\n<\/div>\n<p>&nbsp;<\/p>\n<\/div>\n<\/div>\n","protected":false},"featured_media":2853,"template":"","meta":{"rs_blank_template":"","rs_page_bg_color":"","slide_template_v7":""},"product_brand":[],"product_cat":[173],"product_tag":[228,229,230,187,231],"class_list":{"0":"post-2958","1":"product","2":"type-product","3":"status-publish","4":"has-post-thumbnail","6":"product_cat-productos","7":"product_tag-llibre-es","8":"product_tag-petits-es","9":"product_tag-pilarin-es","10":"product_tag-producte-exclusiu-del-tram-es","11":"product_tag-tramvia-es","13":"first","14":"instock","15":"taxable","16":"shipping-taxable","17":"purchasable","18":"product-type-simple"},"_links":{"self":[{"href":"https:\/\/botiga.tram.cat\/es\/wp-json\/wp\/v2\/product\/2958","targetHints":{"allow":["GET"]}}],"collection":[{"href":"https:\/\/botiga.tram.cat\/es\/wp-json\/wp\/v2\/product"}],"about":[{"href":"https:\/\/botiga.tram.cat\/es\/wp-json\/wp\/v2\/types\/product"}],"wp:featuredmedia":[{"embeddable":true,"href":"https:\/\/botiga.tram.cat\/es\/wp-json\/wp\/v2\/media\/2853"}],"wp:attachment":[{"href":"https:\/\/botiga.tram.cat\/es\/wp-json\/wp\/v2\/media?parent=2958"}],"wp:term":[{"taxonomy":"product_brand","embeddable":true,"href":"https:\/\/botiga.tram.cat\/es\/wp-json\/wp\/v2\/product_brand?post=2958"},{"taxonomy":"product_cat","embeddable":true,"href":"https:\/\/botiga.tram.cat\/es\/wp-json\/wp\/v2\/product_cat?post=2958"},{"taxonomy":"product_tag","embeddable":true,"href":"https:\/\/botiga.tram.cat\/es\/wp-json\/wp\/v2\/product_tag?post=2958"}],"curies":[{"name":"wp","href":"https:\/\/api.w.org\/{rel}","templated":true}]}}