{"id":2959,"date":"2019-03-12T14:16:29","date_gmt":"2019-03-12T12:16:29","guid":{"rendered":"https:\/\/tram-botiga-pro.azurewebsites.net\/product\/llibre-terminus\/"},"modified":"2025-06-02T19:48:12","modified_gmt":"2025-06-02T17:48:12","slug":"libro-terminus","status":"publish","type":"product","link":"https:\/\/botiga.tram.cat\/es\/product\/libro-terminus\/","title":{"rendered":"Libro Terminus"},"content":{"rendered":"","protected":false},"excerpt":{"rendered":"<p class=\"product-title\"><span class=\"sup-title\">Tram Barcelona 2004-2014<\/span><\/p>\n<p> <strong>10 A\u00d1OS <\/strong><strong>DE TRAM<\/strong><\/p>\n<div class=\"std\">\n<div class=\"description\">\n<p> &#8220;10 a\u00f1os. TRAM Barcelona 2004-2014&#8221; Libro conmemorativo del d\u00e9cimo aniversario del TRAM de Barcelona (2004-2014), escrito por Carles Salmer\u00f3n y editado por Terminus Centre d\u2019Estudis del Transport.<\/p>\n<p> Multiling\u00fce catal\u00e1n\/castellano\/ingl\u00e9s, gran formato 210x300mm, papel de arte de 170 g\/m y reatado con cubierta en colores.<\/p>\n<table bgcolor=\"#EEEEEE\" width=\"100%\">\n<tbody>\n<tr>\n<td align=\"center\"><strong>Gastos de env\u00edo a partir de 4,50\u20ac. Para m\u00e1s informaci\u00f3n consulta el apartado <a href=\"\/es\/precios-i-devoluciones\" target=\"_blank\" rel=\"noopener noreferrer\">precios y devoluciones<\/a>.<\/strong><\/td>\n<\/tr>\n<tr>\n<td align=\"center\"><strong>Env\u00edo gratuito para compras superiores a 50 EUR.<\/strong><\/td>\n<\/tr>\n<\/tbody>\n<\/table><\/div>\n<\/p><\/div>\n","protected":false},"featured_media":2857,"template":"","meta":{"rs_blank_template":"","rs_page_bg_color":"","slide_template_v7":""},"product_brand":[],"product_cat":[173],"product_tag":[228,187,232,182],"class_list":{"0":"post-2959","1":"product","2":"type-product","3":"status-publish","4":"has-post-thumbnail","6":"product_cat-productos","7":"product_tag-llibre-es","8":"product_tag-producte-exclusiu-del-tram-es","9":"product_tag-terminus-es","10":"product_tag-tram-es","12":"first","13":"instock","14":"taxable","15":"shipping-taxable","16":"purchasable","17":"product-type-simple"},"_links":{"self":[{"href":"https:\/\/botiga.tram.cat\/es\/wp-json\/wp\/v2\/product\/2959","targetHints":{"allow":["GET"]}}],"collection":[{"href":"https:\/\/botiga.tram.cat\/es\/wp-json\/wp\/v2\/product"}],"about":[{"href":"https:\/\/botiga.tram.cat\/es\/wp-json\/wp\/v2\/types\/product"}],"wp:featuredmedia":[{"embeddable":true,"href":"https:\/\/botiga.tram.cat\/es\/wp-json\/wp\/v2\/media\/2857"}],"wp:attachment":[{"href":"https:\/\/botiga.tram.cat\/es\/wp-json\/wp\/v2\/media?parent=2959"}],"wp:term":[{"taxonomy":"product_brand","embeddable":true,"href":"https:\/\/botiga.tram.cat\/es\/wp-json\/wp\/v2\/product_brand?post=2959"},{"taxonomy":"product_cat","embeddable":true,"href":"https:\/\/botiga.tram.cat\/es\/wp-json\/wp\/v2\/product_cat?post=2959"},{"taxonomy":"product_tag","embeddable":true,"href":"https:\/\/botiga.tram.cat\/es\/wp-json\/wp\/v2\/product_tag?post=2959"}],"curies":[{"name":"wp","href":"https:\/\/api.w.org\/{rel}","templated":true}]}}