{"id":2963,"date":"2018-06-02T01:24:28","date_gmt":"2018-06-02T01:24:28","guid":{"rendered":"https:\/\/tram-botiga-pro.azurewebsites.net\/product\/tassa-illustrada\/"},"modified":"2026-03-24T14:54:19","modified_gmt":"2026-03-24T12:54:19","slug":"taza-ilustrada","status":"publish","type":"product","link":"https:\/\/botiga.tram.cat\/es\/product\/taza-ilustrada\/","title":{"rendered":"Taza ilustrada"},"content":{"rendered":"","protected":false},"excerpt":{"rendered":"<div class=\"product-title\">\n<p> <span class=\"sup-title\">Producto exclusivo del TRAM<\/span><\/p>\n<p> <strong>UN CAF\u00c9 QUE COMPARTIR UNA CIUDAD QUE DISFRUTAR<\/strong><\/p><\/div>\n<div class=\"std\">\n<div class=\"description\">\n<p> Taza de porcelana blanca de 8 cm de di\u00e1metro con ilustraci\u00f3n del TRAM y de Barcelona dise\u00f1ada por Joan Guardiet. Apto para lavavajillas y microondas. Dise\u00f1ado y producido en Barcelona. Capacidad de 340 ml.<\/p>\n<table bgcolor=\"#EEEEEE\" width=\"100%\">\n<tbody>\n<tr>\n<td align=\"center\"><strong>Gastos de env\u00edo a partir de 4,50\u20ac. Para m\u00e1s informaci\u00f3n consulta el apartado <a href=\"\/es\/precios-i-devoluciones\" target=\"_blank\" rel=\"noopener noreferrer\">precios y devoluciones<\/a>.<\/strong><\/td>\n<\/tr>\n<tr>\n<td align=\"center\"><strong>Env\u00edo gratuito para compras superiores a 50 EUR.<\/strong><\/td>\n<\/tr>\n<\/tbody>\n<\/table><\/div>\n<\/p><\/div>\n","protected":false},"featured_media":2737,"template":"","meta":{"rs_blank_template":"","rs_page_bg_color":"","slide_template_v7":""},"product_brand":[],"product_cat":[173],"product_tag":[235,187],"class_list":{"0":"post-2963","1":"product","2":"type-product","3":"status-publish","4":"has-post-thumbnail","6":"product_cat-productos","7":"product_tag-casa-es","8":"product_tag-producte-exclusiu-del-tram-es","10":"first","11":"instock","12":"featured","13":"taxable","14":"shipping-taxable","15":"purchasable","16":"product-type-simple"},"_links":{"self":[{"href":"https:\/\/botiga.tram.cat\/es\/wp-json\/wp\/v2\/product\/2963","targetHints":{"allow":["GET"]}}],"collection":[{"href":"https:\/\/botiga.tram.cat\/es\/wp-json\/wp\/v2\/product"}],"about":[{"href":"https:\/\/botiga.tram.cat\/es\/wp-json\/wp\/v2\/types\/product"}],"wp:featuredmedia":[{"embeddable":true,"href":"https:\/\/botiga.tram.cat\/es\/wp-json\/wp\/v2\/media\/2737"}],"wp:attachment":[{"href":"https:\/\/botiga.tram.cat\/es\/wp-json\/wp\/v2\/media?parent=2963"}],"wp:term":[{"taxonomy":"product_brand","embeddable":true,"href":"https:\/\/botiga.tram.cat\/es\/wp-json\/wp\/v2\/product_brand?post=2963"},{"taxonomy":"product_cat","embeddable":true,"href":"https:\/\/botiga.tram.cat\/es\/wp-json\/wp\/v2\/product_cat?post=2963"},{"taxonomy":"product_tag","embeddable":true,"href":"https:\/\/botiga.tram.cat\/es\/wp-json\/wp\/v2\/product_tag?post=2963"}],"curies":[{"name":"wp","href":"https:\/\/api.w.org\/{rel}","templated":true}]}}