{"id":2967,"date":"2019-03-13T16:40:48","date_gmt":"2019-03-13T14:40:48","guid":{"rendered":"https:\/\/tram-botiga-pro.azurewebsites.net\/product\/samarreta-per-home\/"},"modified":"2025-11-19T18:13:33","modified_gmt":"2025-11-19T16:13:33","slug":"camiseta-hombre","status":"publish","type":"product","link":"https:\/\/botiga.tram.cat\/es\/product\/camiseta-hombre\/","title":{"rendered":"Camiseta b\u00e1sica"},"content":{"rendered":"","protected":false},"excerpt":{"rendered":"<div class=\"product-title\">\n<h3>LUCE LA CAMISETA DEL TRAM<\/h3>\n<\/div>\n<div class=\"std\">\n<div class=\"description\">\n<p>Camiseta negra 100% cot\u00f3 org\u00e1nic de la marca Stanley &amp; Stella. Ilustraci\u00f3n de Joan Guardiet y dise\u00f1o de Mat\u00e8ria Creativa.<\/p>\n<p>Dise\u00f1ado y producido en Barcelona.<\/p>\n<\/div>\n<table width=\"100%\" bgcolor=\"#EEEEEE\">\n<tbody>\n<tr>\n<td align=\"center\"><strong>Gastos de env\u00edo a partir de 4,50\u20ac. Para m\u00e1s informaci\u00f3n consulta el apartado <a href=\"\/es\/precios-i-devoluciones\" target=\"_blank\" rel=\"noopener noreferrer\">precios y devoluciones<\/a>.<\/strong><\/td>\n<\/tr>\n<tr>\n<td align=\"center\"><strong>Env\u00edo gratuito para compras superiores a 50 EUR.<\/strong><\/td>\n<\/tr>\n<\/tbody>\n<\/table>\n<\/div>\n","protected":false},"featured_media":2693,"template":"","meta":{"rs_blank_template":"","rs_page_bg_color":"","slide_template_v7":""},"product_brand":[],"product_cat":[173],"product_tag":[248,238,182],"class_list":{"0":"post-2967","1":"product","2":"type-product","3":"status-publish","4":"has-post-thumbnail","6":"product_cat-productos","7":"product_tag-home-es","8":"product_tag-roba-es","9":"product_tag-tram-es","11":"first","12":"instock","13":"taxable","14":"shipping-taxable","15":"purchasable","16":"product-type-variable"},"_links":{"self":[{"href":"https:\/\/botiga.tram.cat\/es\/wp-json\/wp\/v2\/product\/2967","targetHints":{"allow":["GET"]}}],"collection":[{"href":"https:\/\/botiga.tram.cat\/es\/wp-json\/wp\/v2\/product"}],"about":[{"href":"https:\/\/botiga.tram.cat\/es\/wp-json\/wp\/v2\/types\/product"}],"wp:featuredmedia":[{"embeddable":true,"href":"https:\/\/botiga.tram.cat\/es\/wp-json\/wp\/v2\/media\/2693"}],"wp:attachment":[{"href":"https:\/\/botiga.tram.cat\/es\/wp-json\/wp\/v2\/media?parent=2967"}],"wp:term":[{"taxonomy":"product_brand","embeddable":true,"href":"https:\/\/botiga.tram.cat\/es\/wp-json\/wp\/v2\/product_brand?post=2967"},{"taxonomy":"product_cat","embeddable":true,"href":"https:\/\/botiga.tram.cat\/es\/wp-json\/wp\/v2\/product_cat?post=2967"},{"taxonomy":"product_tag","embeddable":true,"href":"https:\/\/botiga.tram.cat\/es\/wp-json\/wp\/v2\/product_tag?post=2967"}],"curies":[{"name":"wp","href":"https:\/\/api.w.org\/{rel}","templated":true}]}}