{"id":2979,"date":"2019-03-13T13:52:24","date_gmt":"2019-03-13T11:52:24","guid":{"rendered":"https:\/\/tram-botiga-pro.azurewebsites.net\/product\/samarreta-blanca-per-nen-o-nena\/"},"modified":"2020-07-28T17:16:50","modified_gmt":"2020-07-28T15:16:50","slug":"samarreta-blanca-per-nen-o-nena","status":"publish","type":"product","link":"https:\/\/botiga.tram.cat\/es\/product\/samarreta-blanca-per-nen-o-nena\/","title":{"rendered":"Camiseta infantil"},"content":{"rendered":"","protected":false},"excerpt":{"rendered":"<div class=\"product-title\">\n<h3>LUCE LA CAMISETA DEL TRAM<\/h3>\n<\/div>\n<div class=\"std\">\n<div class=\"description\">\n<p>Camiseta blanca 100% algod\u00f3n org\u00e1nico de la marca Stanley &amp; Stella. Ilustraci\u00f3n de Joan Guardiet y dise\u00f1o de Mat\u00e8ria Creativa.<\/p>\n<p>Dise\u00f1ado y producido en Barcelona<\/p>\n<p>Tallaje:<\/p>\n<ul>\n<li>T 3 &#8211; 3\/4 (98 a 104 cm)<\/li>\n<li>T5 &#8211; 5\/6 (110 a 116 cm)<\/li>\n<li>T7 &#8211; 7\/8 (122 a 128 cm)<\/li>\n<li>T9 &#8211; 9\/11 (134 a 146 cm)<\/li>\n<li>T12 &#8211; 12\/14 (152 a 164 cm)<\/li>\n<\/ul>\n<table width=\"100%\" bgcolor=\"#EEEEEE\">\n<tbody>\n<tr>\n<td align=\"center\"><strong>Gastos de env\u00edo a partir de 4,50\u20ac. Para m\u00e1s informaci\u00f3n consulta el apartado <a href=\"\/es\/precios-i-devoluciones\" target=\"_blank\" rel=\"noopener noreferrer\">precios y devoluciones<\/a>.<\/strong><\/td>\n<\/tr>\n<tr>\n<td align=\"center\"><strong>Env\u00edo gratuito para compras superiores a 50 EUR.<\/strong><\/td>\n<\/tr>\n<\/tbody>\n<\/table>\n<\/div>\n<\/div>\n","protected":false},"featured_media":2717,"template":"","meta":{"rs_blank_template":"","rs_page_bg_color":"","slide_template_v7":""},"product_brand":[],"product_cat":[173],"product_tag":[236,237,238,182],"class_list":{"0":"post-2979","1":"product","2":"type-product","3":"status-publish","4":"has-post-thumbnail","6":"product_cat-productos","7":"product_tag-nen-es","8":"product_tag-nena-es","9":"product_tag-roba-es","10":"product_tag-tram-es","12":"first","13":"instock","14":"taxable","15":"shipping-taxable","16":"purchasable","17":"product-type-variable"},"_links":{"self":[{"href":"https:\/\/botiga.tram.cat\/es\/wp-json\/wp\/v2\/product\/2979","targetHints":{"allow":["GET"]}}],"collection":[{"href":"https:\/\/botiga.tram.cat\/es\/wp-json\/wp\/v2\/product"}],"about":[{"href":"https:\/\/botiga.tram.cat\/es\/wp-json\/wp\/v2\/types\/product"}],"wp:featuredmedia":[{"embeddable":true,"href":"https:\/\/botiga.tram.cat\/es\/wp-json\/wp\/v2\/media\/2717"}],"wp:attachment":[{"href":"https:\/\/botiga.tram.cat\/es\/wp-json\/wp\/v2\/media?parent=2979"}],"wp:term":[{"taxonomy":"product_brand","embeddable":true,"href":"https:\/\/botiga.tram.cat\/es\/wp-json\/wp\/v2\/product_brand?post=2979"},{"taxonomy":"product_cat","embeddable":true,"href":"https:\/\/botiga.tram.cat\/es\/wp-json\/wp\/v2\/product_cat?post=2979"},{"taxonomy":"product_tag","embeddable":true,"href":"https:\/\/botiga.tram.cat\/es\/wp-json\/wp\/v2\/product_tag?post=2979"}],"curies":[{"name":"wp","href":"https:\/\/api.w.org\/{rel}","templated":true}]}}