{"id":3954,"date":"2020-12-22T11:10:18","date_gmt":"2020-12-22T10:56:19","guid":{"rendered":"https:\/\/botiga.tram.cat\/?post_type=product&#038;p=3954"},"modified":"2022-03-05T14:18:47","modified_gmt":"2022-03-05T12:18:47","slug":"mascarilla-tram","status":"publish","type":"product","link":"https:\/\/botiga.tram.cat\/es\/producto\/mascarilla-tram\/","title":{"rendered":"Mascarilla TRAM"},"content":{"rendered":"","protected":false},"excerpt":{"rendered":"<p>Mascarilla con el dise\u00f1o de Montse Bala\u00f1\u00e0.<br \/>\nReutilizable con tejido certificado FFP2 (UNE-0065-2020)<br \/>\nSu tejido admite la desinfecci\u00f3n con soluciones hidroalcoh\u00f3licas al 70% o desinfectantes textiles.<br \/>\nDebe lavarse a 40\u00baC hasta 60 ciclos o desinfectar a 60\u00aa hasta 25 ciclos.<br \/>\nLavar antes del primer uso y siempre lavarse las mano antes y despu\u00e9s de manipularla.<br \/>\nCuenta con reguladores de gomas y dos tallas: S y M.<br \/>\nS (talla 3) y M (talla 4)<\/p>\n<p>Producido en Barcelona por www.casgrafic.com<\/p>\n<table width=\"100%\" bgcolor=\"#EEEEEE\">\n<tbody>\n<tr>\n<td align=\"center\"><strong>Gastos de env\u00edo a partir de 4,50\u20ac. Para m\u00e1s informaci\u00f3n consulta el apartado <a href=\"\/es\/precios-i-devoluciones\" target=\"_blank\" rel=\"noopener noreferrer\">precios y devoluciones<\/a>.<\/strong><\/td>\n<\/tr>\n<tr>\n<td align=\"center\"><strong>Env\u00edo gratuito para compras superiores a 50 EUR.<\/strong><\/td>\n<\/tr>\n<\/tbody>\n<\/table>\n","protected":false},"featured_media":3944,"template":"","meta":{"rs_blank_template":"","rs_page_bg_color":"","slide_template_v7":""},"product_brand":[],"product_cat":[173],"product_tag":[182],"class_list":{"0":"post-3954","1":"product","2":"type-product","3":"status-publish","4":"has-post-thumbnail","6":"product_cat-productos","7":"product_tag-tram-es","9":"first","10":"instock","11":"taxable","12":"shipping-taxable","13":"purchasable","14":"product-type-variable"},"_links":{"self":[{"href":"https:\/\/botiga.tram.cat\/es\/wp-json\/wp\/v2\/product\/3954","targetHints":{"allow":["GET"]}}],"collection":[{"href":"https:\/\/botiga.tram.cat\/es\/wp-json\/wp\/v2\/product"}],"about":[{"href":"https:\/\/botiga.tram.cat\/es\/wp-json\/wp\/v2\/types\/product"}],"wp:featuredmedia":[{"embeddable":true,"href":"https:\/\/botiga.tram.cat\/es\/wp-json\/wp\/v2\/media\/3944"}],"wp:attachment":[{"href":"https:\/\/botiga.tram.cat\/es\/wp-json\/wp\/v2\/media?parent=3954"}],"wp:term":[{"taxonomy":"product_brand","embeddable":true,"href":"https:\/\/botiga.tram.cat\/es\/wp-json\/wp\/v2\/product_brand?post=3954"},{"taxonomy":"product_cat","embeddable":true,"href":"https:\/\/botiga.tram.cat\/es\/wp-json\/wp\/v2\/product_cat?post=3954"},{"taxonomy":"product_tag","embeddable":true,"href":"https:\/\/botiga.tram.cat\/es\/wp-json\/wp\/v2\/product_tag?post=3954"}],"curies":[{"name":"wp","href":"https:\/\/api.w.org\/{rel}","templated":true}]}}