{"id":4116,"date":"2021-05-21T12:50:08","date_gmt":"2021-05-21T10:16:55","guid":{"rendered":"https:\/\/botiga.tram.cat\/?post_type=product&#038;p=4116"},"modified":"2025-11-19T18:13:31","modified_gmt":"2025-11-19T16:13:31","slug":"pin-conmemorativo-tram-10-anos","status":"publish","type":"product","link":"https:\/\/botiga.tram.cat\/es\/product\/pin-conmemorativo-tram-10-anos\/","title":{"rendered":"Pin conmemorativo TRAM 10 a\u00f1os"},"content":{"rendered":"","protected":false},"excerpt":{"rendered":"<p>Pin de edici\u00f3n \u00fanica. Creado para conmemorar el 10\u00ba aniversario de TRAM el 3 de abril del 2014. Este se entreg\u00f3 \u00fanicamente al equipo de TRAM i a les autoridades vigentes de ese a\u00f1o.<\/p>\n<p>Pin de N\u00edquel mate<br \/>\nMedidas 2,3 x 1,7 cm<br \/>\nStock hasta agotar existencias. <\/p>\n<table width=\"100%\" bgcolor=\"#EEEEEE\">\n<tbody>\n<tr>\n<td align=\"center\"><strong>Gastos de env\u00edo a partir de 4,50\u20ac. Para m\u00e1s informaci\u00f3n consulta el apartado <a href=\"\/es\/precios-i-devoluciones\" target=\"_blank\" rel=\"noopener noreferrer\">precios y devoluciones<\/a>.<\/strong><\/td>\n<\/tr>\n<tr>\n<td align=\"center\"><strong>Env\u00edo gratuito para compras superiores a 50 EUR.<\/strong><\/td>\n<\/tr>\n<\/tbody>\n<\/table>\n","protected":false},"featured_media":4099,"template":"","meta":{"rs_blank_template":"","rs_page_bg_color":"","slide_template_v7":""},"product_brand":[],"product_cat":[173],"product_tag":[187,182],"class_list":{"0":"post-4116","1":"product","2":"type-product","3":"status-publish","4":"has-post-thumbnail","6":"product_cat-productos","7":"product_tag-producte-exclusiu-del-tram-es","8":"product_tag-tram-es","10":"first","11":"instock","12":"taxable","13":"shipping-taxable","14":"purchasable","15":"product-type-simple"},"_links":{"self":[{"href":"https:\/\/botiga.tram.cat\/es\/wp-json\/wp\/v2\/product\/4116","targetHints":{"allow":["GET"]}}],"collection":[{"href":"https:\/\/botiga.tram.cat\/es\/wp-json\/wp\/v2\/product"}],"about":[{"href":"https:\/\/botiga.tram.cat\/es\/wp-json\/wp\/v2\/types\/product"}],"wp:featuredmedia":[{"embeddable":true,"href":"https:\/\/botiga.tram.cat\/es\/wp-json\/wp\/v2\/media\/4099"}],"wp:attachment":[{"href":"https:\/\/botiga.tram.cat\/es\/wp-json\/wp\/v2\/media?parent=4116"}],"wp:term":[{"taxonomy":"product_brand","embeddable":true,"href":"https:\/\/botiga.tram.cat\/es\/wp-json\/wp\/v2\/product_brand?post=4116"},{"taxonomy":"product_cat","embeddable":true,"href":"https:\/\/botiga.tram.cat\/es\/wp-json\/wp\/v2\/product_cat?post=4116"},{"taxonomy":"product_tag","embeddable":true,"href":"https:\/\/botiga.tram.cat\/es\/wp-json\/wp\/v2\/product_tag?post=4116"}],"curies":[{"name":"wp","href":"https:\/\/api.w.org\/{rel}","templated":true}]}}