{"id":4117,"date":"2021-05-21T12:49:46","date_gmt":"2021-05-21T10:23:30","guid":{"rendered":"https:\/\/botiga.tram.cat\/?post_type=product&#038;p=4117"},"modified":"2023-11-24T03:59:30","modified_gmt":"2023-11-24T01:59:30","slug":"tranvias-de-barcelona-i-cercanias-1872-2021","status":"publish","type":"product","link":"https:\/\/botiga.tram.cat\/es\/product\/tranvias-de-barcelona-i-cercanias-1872-2021\/","title":{"rendered":"Tranv\u00edas de Barcelona i Cercan\u00edas 1872-2021"},"content":{"rendered":"","protected":false},"excerpt":{"rendered":"<p><em>&#8221; El 17 de marzo de 1971 desaparecieron los tranv\u00edas de Barcelona. Para conmemorar su cumplea\u00f1os, este libro quiere hacer un recordatorio del desarrollo de las l\u00edneas que existieron desde 1872 y c\u00f3mo fue su evoluci\u00f3n durante nuestra historia. Desde los primeros veh\u00edculos de tracci\u00f3n de caballos, los de vapor y los el\u00e9ctricos, aqu\u00ed podr\u00e1s apreciar no solo como eran estos transportes, sino tambi\u00e9n donde y como eran las cocheras, las centrales el\u00e9ctricas, el mantenimiento y mucho m\u00e1s.&#8221;<\/em><\/p>\n<p>Primera edici\u00f3n en catal\u00e1n<br \/>\nTextos de Joan Termes i Roig<br \/>\nPortada de Judit Cortada i Josep M\u00aa Berlanga<br \/>\nImpresi\u00f3n de Copy Blau SL<\/p>\n<table width=\"100%\" bgcolor=\"#EEEEEE\">\n<tbody>\n<tr>\n<td align=\"center\"><strong>Gastos de env\u00edo a partir de 4,50\u20ac. Para m\u00e1s informaci\u00f3n consulta el apartado <a href=\"\/es\/precios-i-devoluciones\" target=\"_blank\" rel=\"noopener noreferrer\">precios y devoluciones<\/a>.<\/strong><\/td>\n<\/tr>\n<tr>\n<td align=\"center\"><strong>Env\u00edo gratuito para compras superiores a 50 EUR.<\/strong><\/td>\n<\/tr>\n<\/tbody>\n<\/table>\n","protected":false},"featured_media":4112,"template":"","meta":{"rs_blank_template":"","rs_page_bg_color":"","slide_template_v7":""},"product_brand":[],"product_cat":[173],"product_tag":[195,228,187,182,231],"class_list":{"0":"post-4117","1":"product","2":"type-product","3":"status-publish","4":"has-post-thumbnail","6":"product_cat-productos","7":"product_tag-barcelona-es","8":"product_tag-llibre-es","9":"product_tag-producte-exclusiu-del-tram-es","10":"product_tag-tram-es","11":"product_tag-tramvia-es","13":"first","14":"instock","15":"taxable","16":"shipping-taxable","17":"purchasable","18":"product-type-simple"},"_links":{"self":[{"href":"https:\/\/botiga.tram.cat\/es\/wp-json\/wp\/v2\/product\/4117","targetHints":{"allow":["GET"]}}],"collection":[{"href":"https:\/\/botiga.tram.cat\/es\/wp-json\/wp\/v2\/product"}],"about":[{"href":"https:\/\/botiga.tram.cat\/es\/wp-json\/wp\/v2\/types\/product"}],"wp:featuredmedia":[{"embeddable":true,"href":"https:\/\/botiga.tram.cat\/es\/wp-json\/wp\/v2\/media\/4112"}],"wp:attachment":[{"href":"https:\/\/botiga.tram.cat\/es\/wp-json\/wp\/v2\/media?parent=4117"}],"wp:term":[{"taxonomy":"product_brand","embeddable":true,"href":"https:\/\/botiga.tram.cat\/es\/wp-json\/wp\/v2\/product_brand?post=4117"},{"taxonomy":"product_cat","embeddable":true,"href":"https:\/\/botiga.tram.cat\/es\/wp-json\/wp\/v2\/product_cat?post=4117"},{"taxonomy":"product_tag","embeddable":true,"href":"https:\/\/botiga.tram.cat\/es\/wp-json\/wp\/v2\/product_tag?post=4117"}],"curies":[{"name":"wp","href":"https:\/\/api.w.org\/{rel}","templated":true}]}}