{"id":4267,"date":"2022-06-13T11:54:54","date_gmt":"2022-06-15T07:18:41","guid":{"rendered":"https:\/\/botiga.tram.cat\/?post_type=product&#038;p=4267"},"modified":"2026-01-16T18:23:12","modified_gmt":"2026-01-16T16:23:12","slug":"el-juego-del-tram","status":"publish","type":"product","link":"https:\/\/botiga.tram.cat\/es\/product\/el-juego-del-tram\/","title":{"rendered":"El juego del TRAM"},"content":{"rendered":"","protected":false},"excerpt":{"rendered":"<p>El juego de cartas en el que tendr\u00e1s que lograr que los usuarios y usuarias entren en su tranv\u00eda.<br \/>\nGracias a les cartas de acci\u00f3n, podr\u00e1s conseguir m\u00e1s puntos y as\u00ed ganar el juego.<br \/>\nDisfruta con toda la familia jugando a un juego sencillo, r\u00e1pido y divertido.<\/p>\n<p>El juego contiene 6 cartas de l\u00edneas, 42 cartas de personajes y 52 cartas de acci\u00f3n.<br \/>\nMedida caja: 145x105x28mm<br \/>\nDe 2 a 5 jugadores a partir de 6 a\u00f1os.<\/p>\n<table width=\"100%\" bgcolor=\"#EEEEEE\">\n<tbody>\n<tr>\n<td align=\"center\"><strong>Gastos de env\u00edo a partir de 4,50\u20ac. Para m\u00e1s informaci\u00f3n consulta el apartado <a href=\"\/es\/precios-i-devoluciones\" target=\"_blank\" rel=\"noopener noreferrer\">precios y devoluciones<\/a>.<\/strong><\/td>\n<\/tr>\n<tr>\n<td align=\"center\"><strong>Env\u00edo gratuito para compras superiores a 50 EUR.<\/strong><\/td>\n<\/tr>\n<\/tbody>\n<\/table>\n","protected":false},"featured_media":4251,"template":"","meta":{"rs_blank_template":"","rs_page_bg_color":"","slide_template_v7":""},"product_brand":[],"product_cat":[15,173],"product_tag":[102,218,108,217,94,182,112,201],"class_list":{"0":"post-4267","1":"product","2":"type-product","3":"status-publish","4":"has-post-thumbnail","6":"product_cat-uncategorized","7":"product_cat-productos","8":"product_tag-joc","9":"product_tag-joc-es","10":"product_tag-nens","11":"product_tag-nens-es","12":"product_tag-tram","13":"product_tag-tram-es","14":"product_tag-viatjar","15":"product_tag-viatjar-es","17":"first","18":"instock","19":"taxable","20":"shipping-taxable","21":"purchasable","22":"product-type-simple"},"_links":{"self":[{"href":"https:\/\/botiga.tram.cat\/es\/wp-json\/wp\/v2\/product\/4267","targetHints":{"allow":["GET"]}}],"collection":[{"href":"https:\/\/botiga.tram.cat\/es\/wp-json\/wp\/v2\/product"}],"about":[{"href":"https:\/\/botiga.tram.cat\/es\/wp-json\/wp\/v2\/types\/product"}],"wp:featuredmedia":[{"embeddable":true,"href":"https:\/\/botiga.tram.cat\/es\/wp-json\/wp\/v2\/media\/4251"}],"wp:attachment":[{"href":"https:\/\/botiga.tram.cat\/es\/wp-json\/wp\/v2\/media?parent=4267"}],"wp:term":[{"taxonomy":"product_brand","embeddable":true,"href":"https:\/\/botiga.tram.cat\/es\/wp-json\/wp\/v2\/product_brand?post=4267"},{"taxonomy":"product_cat","embeddable":true,"href":"https:\/\/botiga.tram.cat\/es\/wp-json\/wp\/v2\/product_cat?post=4267"},{"taxonomy":"product_tag","embeddable":true,"href":"https:\/\/botiga.tram.cat\/es\/wp-json\/wp\/v2\/product_tag?post=4267"}],"curies":[{"name":"wp","href":"https:\/\/api.w.org\/{rel}","templated":true}]}}